{"id":13668,"date":"2021-11-29T14:52:25","date_gmt":"2021-11-29T13:52:25","guid":{"rendered":"https:\/\/heco.es\/bancs-de-treball\/"},"modified":"2024-05-07T12:55:30","modified_gmt":"2024-05-07T10:55:30","slug":"bancs-de-treball","status":"publish","type":"page","link":"https:\/\/heco.es\/ca\/bancs-de-treball\/","title":{"rendered":"Bancs de treball"},"content":{"rendered":"<p>[et_pb_section fb_built=&#8221;1&#8243; admin_label=&#8221;Secci\u00f3n&#8221; _builder_version=&#8221;4.16&#8243; custom_margin=&#8221;142px||147px||false|false&#8221; custom_padding=&#8221;1px||0px|||&#8221; global_colors_info=&#8221;{}&#8221;][et_pb_row column_structure=&#8221;1_2,1_2&#8243; _builder_version=&#8221;4.16&#8243; _module_preset=&#8221;default&#8221; custom_padding=&#8221;||75px|||&#8221; global_colors_info=&#8221;{}&#8221;][et_pb_column type=&#8221;1_2&#8243; _builder_version=&#8221;4.16&#8243; _module_preset=&#8221;default&#8221; global_colors_info=&#8221;{}&#8221;][et_pb_image src=&#8221;https:\/\/heco.es\/wp-content\/uploads\/2017\/09\/5.bancos.png&#8221; title_text=&#8221;5.bancos&#8221; align=&#8221;right&#8221; _builder_version=&#8221;4.16&#8243; _module_preset=&#8221;default&#8221; width=&#8221;65%&#8221; max_width=&#8221;100%&#8221; module_alignment=&#8221;right&#8221; custom_margin=&#8221;47px||||false|false&#8221; global_colors_info=&#8221;{}&#8221;][\/et_pb_image][\/et_pb_column][et_pb_column type=&#8221;1_2&#8243; _builder_version=&#8221;4.16&#8243; _module_preset=&#8221;default&#8221; global_colors_info=&#8221;{}&#8221;][et_pb_blurb _builder_version=&#8221;4.16&#8243; _module_preset=&#8221;default&#8221; text_orientation=&#8221;center&#8221; custom_margin=&#8221;44px|||||&#8221; hover_enabled=&#8221;0&#8243; global_colors_info=&#8221;{}&#8221; sticky_enabled=&#8221;0&#8243;]<\/p>\n<p style=\"text-align: left;\"><a href=\"https:\/\/heco.es\/ca\/bancs-cargues-grans-1000kg\/\" target=\"_blank\" rel=\"noopener noreferrer\"><span style=\"color: #003366;\"><span color=\"#ffcc00\">BANCS CARGUES GRANS 1000Kg<\/span><\/span><\/a><\/p>\n<p style=\"text-align: left;\"><a href=\"https:\/\/heco.es\/ca\/bancs-cargues-mitges-600kg\/\" target=\"_blank\" rel=\"noopener noreferrer\"><span style=\"color: #003366;\"><span color=\"#ffcc00\">BANCS CARGUES MITGES 600Kg<\/span><\/span><\/a><\/p>\n<p style=\"text-align: left;\"><a href=\"https:\/\/heco.es\/ca\/bancs-cargues-petites-300kg\/\" target=\"_blank\" rel=\"noopener noreferrer\"><span style=\"color: #003366;\"><span color=\"#ffcc00\">BANCS CARGUES PETITES 300Kg<\/span><\/span><\/a><\/p>\n<p style=\"text-align: left;\"><a href=\"https:\/\/heco.es\/ca\/bancs-ergonomics-hidraulics\/\" target=\"_blank\" rel=\"noopener noreferrer\"><span style=\"color: #003366;\"><span color=\"#ffcc00\">BANCS ERGON\u00d2MICS HIDR\u00c0ULICS<\/span><\/span><\/a><\/p>\n<p style=\"text-align: left;\"><a href=\"https:\/\/heco.es\/ca\/bancs-ergonomics-mecanics-2\/?preview=true\" target=\"_blank\" rel=\"noopener noreferrer\"><span style=\"color: #003366;\"><span color=\"#ffcc00\">BANCS ERGON\u00d2MICS MEC\u00c0NICS<\/span><\/span><\/a><\/p>\n<p style=\"text-align: left;\"><a href=\"https:\/\/heco.es\/ca\/bancs-modulars\/\" target=\"_blank\" rel=\"noopener noreferrer\"><span style=\"color: #003366;\"><span color=\"#ffcc00\">BANCS MODULARS<\/span><\/span><\/a><\/p>\n<p style=\"text-align: left;\"><a href=\"https:\/\/heco.es\/ca\/bancs-monoblocs\/\" target=\"_blank\" rel=\"noopener noreferrer\"><span style=\"color: #003366;\"><span color=\"#ffcc00\">BANCS MONOBLOCS<\/span><\/span><\/a><\/p>\n<p style=\"text-align: left;\"><a href=\"https:\/\/heco.es\/ca\/bancs-reforcats\/\" target=\"_blank\" rel=\"noopener noreferrer\"><span style=\"color: #003366;\"><span color=\"#ffcc00\">BANCS REFOR\u00c7ATS<\/span><\/span><\/a><\/p>\n<p style=\"text-align: left;\"><span style=\"color: #333333;\"><\/span><\/p>\n<p>[\/et_pb_blurb][\/et_pb_column][\/et_pb_row][\/et_pb_section]<\/p>\n","protected":false},"excerpt":{"rendered":"<p>BANCS CARGUES GRANS 1000Kg BANCS CARGUES MITGES 600Kg BANCS CARGUES PETITES 300Kg BANCS ERGON\u00d2MICS HIDR\u00c0ULICS BANCS ERGON\u00d2MICS MEC\u00c0NICS BANCS MODULARS BANCS MONOBLOCS BANCS REFOR\u00c7ATS<\/p>\n","protected":false},"author":1,"featured_media":0,"parent":0,"menu_order":0,"comment_status":"open","ping_status":"closed","template":"","meta":{"_et_pb_use_builder":"on","_et_pb_old_content":"","_et_gb_content_width":"","footnotes":""},"class_list":["post-13668","page","type-page","status-publish","hentry"],"_links":{"self":[{"href":"https:\/\/heco.es\/ca\/wp-json\/wp\/v2\/pages\/13668","targetHints":{"allow":["GET"]}}],"collection":[{"href":"https:\/\/heco.es\/ca\/wp-json\/wp\/v2\/pages"}],"about":[{"href":"https:\/\/heco.es\/ca\/wp-json\/wp\/v2\/types\/page"}],"author":[{"embeddable":true,"href":"https:\/\/heco.es\/ca\/wp-json\/wp\/v2\/users\/1"}],"replies":[{"embeddable":true,"href":"https:\/\/heco.es\/ca\/wp-json\/wp\/v2\/comments?post=13668"}],"version-history":[{"count":23,"href":"https:\/\/heco.es\/ca\/wp-json\/wp\/v2\/pages\/13668\/revisions"}],"predecessor-version":[{"id":24774,"href":"https:\/\/heco.es\/ca\/wp-json\/wp\/v2\/pages\/13668\/revisions\/24774"}],"wp:attachment":[{"href":"https:\/\/heco.es\/ca\/wp-json\/wp\/v2\/media?parent=13668"}],"curies":[{"name":"wp","href":"https:\/\/api.w.org\/{rel}","templated":true}]}}