{"id":13853,"date":"2021-11-29T16:45:13","date_gmt":"2021-11-29T15:45:13","guid":{"rendered":"https:\/\/heco.es\/inici\/"},"modified":"2026-03-17T16:10:49","modified_gmt":"2026-03-17T15:10:49","slug":"inici","status":"publish","type":"page","link":"https:\/\/heco.es\/ca\/","title":{"rendered":"INICI"},"content":{"rendered":"<p>[et_pb_section fb_built=&#8221;1&#8243; _builder_version=&#8221;4.16&#8243; _module_preset=&#8221;default&#8221; transform_scale=&#8221;90%|90%&#8221; min_height=&#8221;739px&#8221; custom_margin=&#8221;0px||-12px|-120px|false|false&#8221; custom_padding=&#8221;0px||5px||false|false&#8221; da_disable_devices=&#8221;off|off|off&#8221; global_colors_info=&#8221;{}&#8221; da_is_popup=&#8221;off&#8221; da_exit_intent=&#8221;off&#8221; da_has_close=&#8221;on&#8221; da_alt_close=&#8221;off&#8221; da_dark_close=&#8221;off&#8221; da_not_modal=&#8221;on&#8221; da_is_singular=&#8221;off&#8221; da_with_loader=&#8221;off&#8221; da_has_shadow=&#8221;on&#8221;][et_pb_row column_structure=&#8221;1_4,3_4&#8243; make_equal=&#8221;on&#8221; _builder_version=&#8221;4.17.6&#8243; _module_preset=&#8221;default&#8221; width=&#8221;90%&#8221; max_width=&#8221;2560px&#8221; module_alignment=&#8221;center&#8221; min_height=&#8221;730px&#8221; max_height=&#8221;730px&#8221; custom_margin=&#8221;-36px|653px|14px|95px|false|false&#8221; custom_margin_tablet=&#8221;||570px||false|false&#8221; custom_margin_phone=&#8221;&#8221; custom_margin_last_edited=&#8221;on|desktop&#8221; custom_padding=&#8221;41px||0px|0px|false|false&#8221; global_colors_info=&#8221;{}&#8221;][et_pb_column type=&#8221;1_4&#8243; _builder_version=&#8221;4.16&#8243; _module_preset=&#8221;default&#8221; custom_padding=&#8221;|0px|||false|false&#8221; global_colors_info=&#8221;{}&#8221;][et_pb_blurb url_new_window=&#8221;on&#8221; icon_placement=&#8221;left&#8221; image_icon_width=&#8221;70%&#8221; content_max_width=&#8221;514px&#8221; admin_label=&#8221;Anuncio&#8221; _builder_version=&#8221;4.27.4&#8243; _module_preset=&#8221;default&#8221; body_text_align=&#8221;left&#8221; body_font_size=&#8221;12px&#8221; body_line_height=&#8221;3.3em&#8221; background_image=&#8221;https:\/\/heco.es\/wp-content\/uploads\/2021\/10\/index.jpg&#8221; background_size=&#8221;contain&#8221; width=&#8221;100%&#8221; max_width=&#8221;100%&#8221; module_alignment=&#8221;left&#8221; height=&#8221;1000px&#8221; max_height=&#8221;708px&#8221; custom_margin=&#8221;-30px|0px||-200px|false|false&#8221; custom_margin_tablet=&#8221;-30px||5px|72px|false|false&#8221; custom_margin_phone=&#8221;||5px|75px|false|false&#8221; custom_margin_last_edited=&#8221;on|phone&#8221; custom_padding=&#8221;0px|0px|0px|25px|false|false&#8221; custom_padding_tablet=&#8221;|||110px|false|false&#8221; custom_padding_phone=&#8221;|||70px|false|false&#8221; custom_padding_last_edited=&#8221;on|desktop&#8221; inline_fonts=&#8221;Lato&#8221; global_colors_info=&#8221;{}&#8221;]<\/p>\n<pre style=\"text-align: left;\"><span style=\"font-family: Lato;\"><a href=\"http:\/\/www.heco.es\/cajas-de-herramientas-y-arcones\/\"><span style=\"color: #333333;\">CAIXES D'EINES I ARCONS<\/span>\r\n<\/a><a href=\"http:\/\/www.heco.es\/armarios-con-cajones\/\"><span style=\"color: #333333;\">ARMARIS AMB CALAIXOS<\/span>\r\n<\/a><a href=\"http:\/\/www.heco.es\/armarios-con-puertas\/\"><span style=\"color: #333333;\">ARMARIS AMB PORTES<\/span>\r\n<\/a><span style=\"color: #333333;\"><span style=\"color: #000000;\"><span style=\"color: #333333;\"><a style=\"color: #333333;\" href=\"http:\/\/www.heco.es\/armarios-para-vestuario\/\">ARMARIS PER VESTUARIS\r\n<\/a><a style=\"color: #333333;\" href=\"http:\/\/www.heco.es\/armarios-y-paneles-murales\/\">ARMARIS I PANELLS MURALS<\/a><\/span><\/span><\/span>\r\n<a href=\"http:\/\/www.heco.es\/armarios-pc\/\"><span style=\"color: #333333;\">ARMARIS PC<\/span>\r\n<\/a><a href=\"http:\/\/www.heco.es\/armarios-sin-puertas\/\"><span style=\"color: #333333;\">ARMARIS SENSE PORTES<\/span>\r\n<\/a><a href=\"http:\/\/www.heco.es\/carros-de-trabajo\/\"><span style=\"color: #333333;\">CARROS DE TREBALL<\/span>\r\n<\/a><a href=\"http:\/\/www.heco.es\/carros-de-taller\/\"><span style=\"color: #333333;\">CARROS DE TALLER<\/span>\r\n<\/a><a href=\"http:\/\/www.heco.es\/paneles-moviles\/\"><span style=\"color: #333333;\">PANELLLS M\u00d2BILS<\/span>\r\n<\/a><a href=\"http:\/\/www.heco.es\/bancos-de-trabajo\/\"><span style=\"color: #333333;\">BANCS DE TREBALL<\/span>\r\n<\/a><span style=\"color: #000000;\"><a style=\"color: #000000;\" href=\"https:\/\/heco.es\/wp-content\/uploads\/2018\/01\/CAJONES-PARA-BANCOS-DE-TRABAJO.pdf\">CALAIXOS PER BANCS<\/a><\/span>\r\n<a href=\"http:\/\/www.heco.es\/workoffice-2\/\"><span style=\"color: #333333;\">WORKOFFICE<\/span>\r\n<\/a><a href=\"http:\/\/www.heco.es\/armarios-para-almacenaje-especifico\/\"><span style=\"color: #333333;\">ARMARIS PER EMMAGATZEMATGE ESPEC\u00cdFIC<\/span>\r\n<\/a><span style=\"color: #333333;\"><a style=\"color: #333333;\" href=\"http:\/\/www.heco.es\/soluciones-modulares-y-mostradores\/\" rel=\"noreferrer\">SOLUCIONS MODULARS I MOSTRADORS<\/a>\r\n<a style=\"color: #333333;\" href=\"https:\/\/heco.es\/ca\/accesoris\/\">ACCESORIS<\/a><\/span>\r\n<a href=\"http:\/\/www.heco.es\/cubetas-de-plastico\/\"><span style=\"color: #333333;\">CUBETES DE PL\u00c0STIC<\/span>\r\n<\/a><\/span><\/pre>\n<p><\/p>\n<p>&nbsp;<\/p>\n<p><noscript><br \/>\nNuestro socio <a href=\"https:\/\/casinosenperu.pe\/\" target=\"_blank\" rel=\"noopener\">casino en peru<\/a> ofrece acceso a plataformas confiables de juego en l\u00ednea. Descubre juegos y bonos pensados especialmente para jugadores en Per\u00fa y otras regiones.<br \/>\n<\/noscript><noscript><br \/>\nObt\u00e9n estrategias, noticias y an\u00e1lisis expertos en <a href=\"https:\/\/casinorealmoneydeposit.com\/\" target=\"_blank\" rel=\"noopener\">casino real money deposit<\/a>. Este blog asociado te ayuda a tomar decisiones m\u00e1s inteligentes en el mundo del juego en l\u00ednea.<br \/>\n<\/noscript><noscript><br \/>\nNuestro socio <a href=\"https:\/\/topcasinoforrealmoney.com\/\" target=\"_blank\" rel=\"noopener\">top casino for real money<\/a> ofrece rese\u00f1as actualizadas de los mejores casinos en l\u00ednea con dinero real. Inf\u00f3rmate con sus recomendaciones y comparativas detalladas.<br \/>\n<\/noscript><noscript><br \/>\nDescubre las mejores tragamonedas y estrategias de juego en <a href=\"https:\/\/realmoneyslotscasino.com\/\" target=\"_blank\" rel=\"noopener\">real money slots casino<\/a>, tu blog confiable sobre el mundo del juego en l\u00ednea con dinero real.<br \/>\n<\/noscript><noscript><br \/>\nExplora rese\u00f1as de casinos, consejos de expertos y noticias actualizadas en <a href=\"https:\/\/casinoplayrealmoney.com\/\" target=\"_blank\" rel=\"noopener\">casino play real money<\/a>, ideal para jugadores que buscan informaci\u00f3n precisa y \u00fatil.<br \/>\n<\/noscript><noscript><\/p>\n<p><a href=\"https:\/\/bet-kings.com\/\" target=\"_blank\" rel=\"noopener\">mobile betking<\/a> ofrece cuotas competitivas en f\u00fatbol, tenis y m\u00e1s de 30 deportes. Descubre por qu\u00e9 los apostadores prefieren esta plataforma con apuestas en vivo y cashout.<\/p>\n<p><\/noscript><noscript><\/p>\n<p>Descubre <a href=\"https:\/\/locowins.org\/\" target=\"_blank\" rel=\"noopener\">Locowin casino<\/a>, el casino online top en Espa\u00f1a con bono de bienvenida hasta 1850 \u20ac + 500 tiradas gratis. Juega a slots populares, ruletas en vivo y jackpots progresivos. Promociones semanales, cashback sin wager alto y retiros veloces. Licencia internacional, versi\u00f3n m\u00f3vil perfecta y atenci\u00f3n en espa\u00f1ol. \u00a1\u00danete hoy y empieza a ganar con ventaja!<\/p>\n<p><\/noscript><noscript><br \/>\n<a href=\"https:\/\/powbets.net\/\" target=\"_blank\" rel=\"noopener\">Powbet Casino<\/a> es una emocionante plataforma de juegos en l\u00ednea y apuestas deportivas, operada por socios confiables con licencia de Cura\u00e7ao. Ofrece miles de tragamonedas, casino en vivo, apuestas deportivas y generosos bonos. Con pagos r\u00e1pidos, soporte 24\/7 y compatibilidad m\u00f3vil, Powbet destaca por su seguridad y experiencia de juego de calidad. \u00a1Reg\u00edstrese hoy y comience a ganar!<br \/>\n<\/noscript><noscript><\/p>\n<p>Como socios oficiales, <a href=\"https:\/\/spinsycasinos.com\/\" target=\"_blank\" rel=\"noopener\">spinsy<\/a> ofrece una experiencia de casino online segura y emocionante. Su plataforma destaca por la variedad de juegos, la estabilidad y un enfoque en el entretenimiento de calidad para todos los jugadores.<\/p>\n<p><\/noscript><noscript><\/p>\n<p>Nuestros socios en <a href=\"https:\/\/cazeus-casinos.com\/es\/\" target=\"_blank\" rel=\"noopener\">https:\/\/cazeus-casinos.com\/es\/<\/a> proporcionan un entorno de juego online confiable y seguro. Como partners oficiales, se enfocan en ofrecer entretenimiento de calidad, navegaci\u00f3n fluida y diversi\u00f3n para todos los usuarios.<\/p>\n<p><\/noscript>[\/et_pb_blurb][\/et_pb_column][et_pb_column type=&#8221;3_4&#8243; _builder_version=&#8221;4.17.6&#8243; _module_preset=&#8221;default&#8221; transform_scale=&#8221;115%|115%&#8221; custom_padding=&#8221;0px|10px|20px|20px|false|false&#8221; global_colors_info=&#8221;{}&#8221;][et_pb_slider show_arrows=&#8221;off&#8221; use_bg_overlay=&#8221;off&#8221; use_text_overlay=&#8221;off&#8221; dot_nav_custom_color=&#8221;#e02b20&#8243; admin_label=&#8221;Deslizador&#8221; _builder_version=&#8221;4.27.4&#8243; _module_preset=&#8221;default&#8221; background_color=&#8221;#ffffff&#8221; background_enable_image=&#8221;off&#8221; min_height=&#8221;686.6px&#8221; custom_margin=&#8221;|-50px|-20px|5px|false|false&#8221; custom_margin_tablet=&#8221;0px|-65px|0px|25px|false|false&#8221; custom_margin_phone=&#8221;|-45px|0px|55px|false|false&#8221; custom_margin_last_edited=&#8221;on|phone&#8221; custom_padding=&#8221;|100px||0px|false|false&#8221; custom_padding_tablet=&#8221;200px|0px|0px|0px|false|false&#8221; custom_padding_phone=&#8221;10px|0px|0px|0px|false|false&#8221; custom_padding_last_edited=&#8221;on|desktop&#8221; animation_style=&#8221;fade&#8221; auto=&#8221;on&#8221; auto_ignore_hover=&#8221;on&#8221; hover_enabled=&#8221;0&#8243; border_color_all_image=&#8221;rgba(0,0,0,0)&#8221; global_colors_info=&#8221;{}&#8221; sticky_enabled=&#8221;0&#8243; transform_scale=&#8221;96%|96%&#8221;][et_pb_slide heading=&#8221;ARMARIS VESTUARIS&#8221; _builder_version=&#8221;4.17.6&#8243; _module_preset=&#8221;default&#8221; header_level=&#8221;h1&#8243; header_font=&#8221;Lato||||||||&#8221; header_text_color=&#8221;#d11d17&#8243; header_font_size=&#8221;25px&#8221; background_enable_color=&#8221;off&#8221; background_image=&#8221;https:\/\/heco.es\/wp-content\/uploads\/2023\/10\/SERIE-164-WEB-NO-LOGO.jpg&#8221; background_enable_image=&#8221;on&#8221; background_size=&#8221;contain&#8221; custom_padding=&#8221;550px||0px|90px|false|false&#8221; custom_padding_tablet=&#8221;|||0px|false|false&#8221; custom_padding_phone=&#8221;||0px|1px|false|false&#8221; custom_padding_last_edited=&#8221;on|phone&#8221; global_colors_info=&#8221;{}&#8221; sticky_transition=&#8221;on&#8221;][\/et_pb_slide][et_pb_slide heading=&#8221;CARROS DE TALLER&#8221; _builder_version=&#8221;4.16&#8243; _module_preset=&#8221;default&#8221; header_level=&#8221;h1&#8243; header_font=&#8221;Lato||||||||&#8221; header_text_color=&#8221;#d11d17&#8243; header_font_size=&#8221;25px&#8221; background_enable_color=&#8221;off&#8221; background_image=&#8221;https:\/\/heco.es\/wp-content\/uploads\/2021\/10\/CARROS-DE-TALLER-151.png&#8221; background_enable_image=&#8221;on&#8221; background_size=&#8221;contain&#8221; custom_padding=&#8221;550px||0px|90px|false|false&#8221; custom_padding_tablet=&#8221;|||0px|false|false&#8221; custom_padding_phone=&#8221;||0px|1px|false|false&#8221; custom_padding_last_edited=&#8221;on|phone&#8221; global_colors_info=&#8221;{}&#8221; sticky_transition=&#8221;on&#8221;][\/et_pb_slide][et_pb_slide heading=&#8221;BANCS ERGON\u00d2MICS&#8221; _builder_version=&#8221;4.27.4&#8243; _module_preset=&#8221;default&#8221; header_level=&#8221;h1&#8243; header_font=&#8221;Lato||||||||&#8221; header_text_align=&#8221;center&#8221; header_text_color=&#8221;#d11d17&#8243; header_font_size=&#8221;25px&#8221; background_enable_color=&#8221;off&#8221; background_image=&#8221;https:\/\/heco.es\/wp-content\/uploads\/2021\/10\/NEW_BANCS-ERGONOMICS_ok_2022.jpg&#8221; background_enable_image=&#8221;on&#8221; background_size=&#8221;contain&#8221; custom_padding=&#8221;550px||0px|90px|false|false&#8221; custom_padding_tablet=&#8221;|||21px|false|false&#8221; custom_padding_phone=&#8221;|||21px|false|false&#8221; custom_padding_last_edited=&#8221;on|phone&#8221; global_colors_info=&#8221;{}&#8221; sticky_transition=&#8221;on&#8221;][\/et_pb_slide][et_pb_slide heading=&#8221;CARROS PER TREBALL EN INTERIORS&#8221; _builder_version=&#8221;4.27.4&#8243; _module_preset=&#8221;default&#8221; header_level=&#8221;h1&#8243; header_font=&#8221;Lato||||||||&#8221; header_text_align=&#8221;center&#8221; header_text_color=&#8221;#d11d17&#8243; header_font_size=&#8221;25px&#8221; background_enable_color=&#8221;off&#8221; background_image=&#8221;https:\/\/heco.es\/wp-content\/uploads\/2021\/10\/NEW_CARRO-DE-TRABAJO-128_2021-scaled.jpg&#8221; background_enable_image=&#8221;on&#8221; background_size=&#8221;contain&#8221; custom_padding=&#8221;550px||0px|90px|false|false&#8221; custom_padding_tablet=&#8221;|||0px|false|false&#8221; custom_padding_phone=&#8221;||25px||false|false&#8221; custom_padding_last_edited=&#8221;on|phone&#8221; global_colors_info=&#8221;{}&#8221; sticky_transition=&#8221;on&#8221;][\/et_pb_slide][et_pb_slide heading=&#8221;CAIXA M\u00d2BIL&#8221; _builder_version=&#8221;4.27.4&#8243; _module_preset=&#8221;default&#8221; header_level=&#8221;h1&#8243; header_font=&#8221;Lato||||||||&#8221; header_text_align=&#8221;center&#8221; header_text_color=&#8221;#d11d17&#8243; header_font_size=&#8221;25px&#8221; background_enable_color=&#8221;off&#8221; background_image=&#8221;https:\/\/heco.es\/wp-content\/uploads\/2021\/10\/CARRO-TALLER-SEIENT-1.png&#8221; background_enable_image=&#8221;on&#8221; background_size=&#8221;contain&#8221; custom_padding=&#8221;550px||0px|90px|false|false&#8221; custom_padding_tablet=&#8221;|||0px|false|false&#8221; custom_padding_phone=&#8221;|||0px|false|false&#8221; custom_padding_last_edited=&#8221;on|phone&#8221; global_colors_info=&#8221;{}&#8221; sticky_transition=&#8221;on&#8221;]<noscript><\/p>\n<p>Descubre la emoci\u00f3n del entretenimiento digital con <a href=\"https:\/\/casino-pin-up.cl\/\" target=\"_blank\" rel=\"noopener\">pin up<\/a>, una plataforma din\u00e1mica que ofrece tragamonedas modernas, juegos en vivo y promociones atractivas para jugadores que buscan diversi\u00f3n segura y oportunidades reales de ganar en l\u00ednea.<\/p>\n<p><\/noscript><\/p>\n<p><noscript><\/p>\n<p>Sum\u00e9rgete en una experiencia innovadora con <a href=\"https:\/\/human-music.eu\/\" target=\"_blank\" rel=\"noopener\">win unique casino<\/a>, donde encontrar\u00e1s una amplia variedad de juegos, bonos especiales y un entorno interactivo pensado para quienes desean disfrutar del juego online con estilo y emoci\u00f3n constante.<\/p>\n<p><\/noscript>[\/et_pb_slide][et_pb_slide heading=&#8221;CAIXES Y ARCONS, ARMARIS AMB CALAIXOS I DE PORTES&#8221; _builder_version=&#8221;4.27.4&#8243; _module_preset=&#8221;default&#8221; header_level=&#8221;h1&#8243; header_font=&#8221;Lato||||||||&#8221; header_text_align=&#8221;center&#8221; header_text_color=&#8221;#d11d17&#8243; header_font_size=&#8221;25px&#8221; background_enable_color=&#8221;off&#8221; background_image=&#8221;https:\/\/heco.es\/wp-content\/uploads\/2017\/09\/ARMARIS.png&#8221; background_enable_image=&#8221;on&#8221; background_size=&#8221;contain&#8221; custom_padding=&#8221;550px||0px|90px|false|false&#8221; custom_padding_tablet=&#8221;|||0px|false|false&#8221; custom_padding_phone=&#8221;|||0px|false|false&#8221; custom_padding_last_edited=&#8221;on|phone&#8221; global_colors_info=&#8221;{}&#8221; sticky_transition=&#8221;on&#8221;]<noscript><\/p>\n<p>Vive momentos llenos de adrenalina en <a href=\"https:\/\/spinsycasinos.com\/es\/\" target=\"_blank\" rel=\"noopener\">spinsy casino<\/a>, una plataforma con tragamonedas variadas, mesas en vivo y promociones exclusivas que hacen cada partida m\u00e1s entretenida y emocionante para todos los jugadores.<\/p>\n<p><\/noscript>[\/et_pb_slide][et_pb_slide heading=&#8221;ESPAIS DE TREBALL I ARMARIS PC&#8221; _builder_version=&#8221;4.27.4&#8243; _module_preset=&#8221;default&#8221; header_level=&#8221;h1&#8243; header_font=&#8221;Lato||||||||&#8221; header_text_align=&#8221;center&#8221; header_text_color=&#8221;#d11d17&#8243; header_font_size=&#8221;25px&#8221; background_enable_color=&#8221;off&#8221; background_image=&#8221;https:\/\/heco.es\/wp-content\/uploads\/2017\/09\/ARMARIS-PC.png&#8221; background_enable_image=&#8221;on&#8221; background_size=&#8221;contain&#8221; custom_padding=&#8221;550px||0px|90px|false|false&#8221; custom_padding_tablet=&#8221;|||0px|false|false&#8221; custom_padding_phone=&#8221;||25px||false|false&#8221; custom_padding_last_edited=&#8221;on|phone&#8221; global_colors_info=&#8221;{}&#8221; sticky_transition=&#8221;on&#8221;][\/et_pb_slide][et_pb_slide heading=&#8221;SOLUCIONS MODULARS I M\u00d2BILS&#8221; _builder_version=&#8221;4.16&#8243; _module_preset=&#8221;default&#8221; header_level=&#8221;h1&#8243; header_font=&#8221;Lato||||||||&#8221; header_text_align=&#8221;center&#8221; header_text_color=&#8221;#d11d17&#8243; header_font_size=&#8221;25px&#8221; background_enable_color=&#8221;off&#8221; background_image=&#8221;https:\/\/heco.es\/wp-content\/uploads\/2017\/09\/CARROS.png&#8221; background_enable_image=&#8221;on&#8221; background_size=&#8221;contain&#8221; custom_padding=&#8221;550px||0px|90px|false|false&#8221; custom_padding_tablet=&#8221;|||0px|false|false&#8221; custom_padding_phone=&#8221;||25px||false|false&#8221; custom_padding_last_edited=&#8221;on|phone&#8221; global_colors_info=&#8221;{}&#8221; sticky_transition=&#8221;on&#8221;][\/et_pb_slide][et_pb_slide heading=&#8221;BANCS DE TREBALL&#8221; _builder_version=&#8221;4.16&#8243; _module_preset=&#8221;default&#8221; header_level=&#8221;h1&#8243; header_font=&#8221;Lato||||||||&#8221; header_text_align=&#8221;center&#8221; header_text_color=&#8221;#d11d17&#8243; header_font_size=&#8221;25px&#8221; background_enable_color=&#8221;off&#8221; background_image=&#8221;https:\/\/heco.es\/wp-content\/uploads\/2017\/10\/BANCS-DE-TREBALL-CALAIXOS_HZTAL.png&#8221; background_enable_image=&#8221;on&#8221; background_size=&#8221;contain&#8221; custom_padding=&#8221;550px||0px|90px|false|false&#8221; custom_padding_tablet=&#8221;|||0px|false|false&#8221; custom_padding_phone=&#8221;|||0px|false|false&#8221; custom_padding_last_edited=&#8221;on|phone&#8221; global_colors_info=&#8221;{}&#8221; sticky_transition=&#8221;on&#8221;][\/et_pb_slide][et_pb_slide heading=&#8221;MOSTRADORS&#8221; _builder_version=&#8221;4.16&#8243; _module_preset=&#8221;default&#8221; header_level=&#8221;h1&#8243; header_font=&#8221;Lato||||||||&#8221; header_text_align=&#8221;center&#8221; header_text_color=&#8221;#d11d17&#8243; header_font_size=&#8221;25px&#8221; background_enable_color=&#8221;off&#8221; background_image=&#8221;https:\/\/heco.es\/wp-content\/uploads\/2017\/10\/MOSTRADORS.png&#8221; background_enable_image=&#8221;on&#8221; background_size=&#8221;contain&#8221; custom_padding=&#8221;550px||0px|90px|false|false&#8221; custom_padding_tablet=&#8221;|||0px|false|false&#8221; custom_padding_phone=&#8221;|||0px|false|false&#8221; custom_padding_last_edited=&#8221;on|phone&#8221; global_colors_info=&#8221;{}&#8221; sticky_transition=&#8221;on&#8221;][\/et_pb_slide][\/et_pb_slider][\/et_pb_column][\/et_pb_row][\/et_pb_section]<\/p>\n","protected":false},"excerpt":{"rendered":"<p>CAIXES D&#8217;EINES I ARCONS ARMARIS AMB CALAIXOS ARMARIS AMB PORTES ARMARIS PER VESTUARIS ARMARIS I PANELLS MURALS ARMARIS PC ARMARIS SENSE PORTES CARROS DE TREBALL CARROS DE TALLER PANELLLS M\u00d2BILS BANCS DE TREBALL CALAIXOS PER BANCS WORKOFFICE ARMARIS PER EMMAGATZEMATGE ESPEC\u00cdFIC SOLUCIONS MODULARS I MOSTRADORS ACCESORIS CUBETES DE PL\u00c0STIC &nbsp; Nuestro socio casino en peru [&hellip;]<\/p>\n","protected":false},"author":1,"featured_media":0,"parent":0,"menu_order":0,"comment_status":"open","ping_status":"closed","template":"","meta":{"_et_pb_use_builder":"on","_et_pb_old_content":"","_et_gb_content_width":"","footnotes":""},"class_list":["post-13853","page","type-page","status-publish","hentry"],"_links":{"self":[{"href":"https:\/\/heco.es\/ca\/wp-json\/wp\/v2\/pages\/13853","targetHints":{"allow":["GET"]}}],"collection":[{"href":"https:\/\/heco.es\/ca\/wp-json\/wp\/v2\/pages"}],"about":[{"href":"https:\/\/heco.es\/ca\/wp-json\/wp\/v2\/types\/page"}],"author":[{"embeddable":true,"href":"https:\/\/heco.es\/ca\/wp-json\/wp\/v2\/users\/1"}],"replies":[{"embeddable":true,"href":"https:\/\/heco.es\/ca\/wp-json\/wp\/v2\/comments?post=13853"}],"version-history":[{"count":269,"href":"https:\/\/heco.es\/ca\/wp-json\/wp\/v2\/pages\/13853\/revisions"}],"predecessor-version":[{"id":29368,"href":"https:\/\/heco.es\/ca\/wp-json\/wp\/v2\/pages\/13853\/revisions\/29368"}],"wp:attachment":[{"href":"https:\/\/heco.es\/ca\/wp-json\/wp\/v2\/media?parent=13853"}],"curies":[{"name":"wp","href":"https:\/\/api.w.org\/{rel}","templated":true}]}}