{"id":13872,"date":"2021-11-30T11:58:19","date_gmt":"2021-11-30T10:58:19","guid":{"rendered":"https:\/\/heco.es\/novetats\/"},"modified":"2023-10-11T13:19:43","modified_gmt":"2023-10-11T11:19:43","slug":"novetats","status":"publish","type":"page","link":"https:\/\/heco.es\/ca\/novetats\/","title":{"rendered":"NOVETATS"},"content":{"rendered":"<p>[et_pb_section fb_built=&#8221;1&#8243; _builder_version=&#8221;4.16&#8243; custom_margin=&#8221;10px||0px||false|false&#8221; custom_padding=&#8221;0px||20px||false|false&#8221; global_colors_info=&#8221;{}&#8221;][et_pb_row column_structure=&#8221;1_3,1_3,1_3&#8243; _builder_version=&#8221;4.17.6&#8243; _module_preset=&#8221;default&#8221; custom_padding=&#8221;||3px|||&#8221; global_colors_info=&#8221;{}&#8221;][et_pb_column type=&#8221;1_3&#8243; _builder_version=&#8221;4.16&#8243; _module_preset=&#8221;default&#8221; global_colors_info=&#8221;{}&#8221;][et_pb_blurb title=&#8221;SERIE 164&#8243; url=&#8221;https:\/\/heco.es\/wp-content\/uploads\/2023\/10\/PRESENTACIO-164.pdf&#8221; url_new_window=&#8221;on&#8221; image=&#8221;https:\/\/heco.es\/wp-content\/uploads\/2023\/10\/SERIE-164-perspectiva-e1697022806305.jpg&#8221; image_icon_width=&#8221;100%&#8221; content_max_width=&#8221;1100px&#8221; _builder_version=&#8221;4.17.6&#8243; _module_preset=&#8221;default&#8221; header_level=&#8221;h5&#8243; header_text_color=&#8221;#e02b20&#8243; image_icon_custom_margin=&#8221;|0px||0px|false|false&#8221; width=&#8221;100%&#8221; module_alignment=&#8221;center&#8221; min_height=&#8221;175px&#8221; height=&#8221;100px&#8221; max_height=&#8221;100px&#8221; custom_margin=&#8221;-33px||0px|16px|false|false&#8221; custom_padding=&#8221;24px|55px|538px||false|false&#8221; hover_enabled=&#8221;0&#8243; global_colors_info=&#8221;{}&#8221; title_text=&#8221;SERIE 164 perspectiva&#8221; sticky_enabled=&#8221;0&#8243;]<\/p>\n<p>Armariis per vestidors.<\/p>\n<p>[\/et_pb_blurb][et_pb_blurb title=&#8221;SERIE 205&#8243; url=&#8221;https:\/\/heco.es\/wp-content\/uploads\/2022\/07\/NEWS_2022_SERIE-205-1.pdf&#8221; url_new_window=&#8221;on&#8221; image=&#8221;https:\/\/heco.es\/wp-content\/uploads\/2022\/07\/WEB_presentacio.jpg&#8221; image_icon_width=&#8221;100%&#8221; content_max_width=&#8221;1100px&#8221; _builder_version=&#8221;4.17.4&#8243; _module_preset=&#8221;default&#8221; header_level=&#8221;h5&#8243; header_text_color=&#8221;#e02b20&#8243; image_icon_custom_margin=&#8221;|0px||0px|false|false&#8221; width=&#8221;100%&#8221; min_height=&#8221;175px&#8221; height=&#8221;100px&#8221; max_height=&#8221;100px&#8221; custom_margin=&#8221;15px||-1px||false|false&#8221; custom_padding=&#8221;24px|9px|466px|||&#8221; global_colors_info=&#8221;{}&#8221;]<\/p>\n<p>Caixa d&#8217;eines amb rodes i seient.<\/p>\n<p>[\/et_pb_blurb][et_pb_blurb title=&#8221;SERIE 151&#8243; url=&#8221;https:\/\/heco.es\/wp-content\/uploads\/2021\/10\/NEWS_2020_SERIE-151.pdf&#8221; url_new_window=&#8221;on&#8221; image=&#8221;https:\/\/heco.es\/wp-content\/uploads\/2021\/10\/SERIE-151_2025_web.jpg&#8221; _builder_version=&#8221;4.17.6&#8243; _module_preset=&#8221;default&#8221; header_level=&#8221;h5&#8243; header_text_color=&#8221;#e02b20&#8243; min_height=&#8221;467.7px&#8221; custom_margin=&#8221;|||22px||&#8221; custom_padding=&#8221;110px|||0px|false|false&#8221; hover_enabled=&#8221;0&#8243; global_colors_info=&#8221;{}&#8221; sticky_enabled=&#8221;0&#8243;]<\/p>\n<p>Carros de taller compactes i resistents.<\/p>\n<p>[\/et_pb_blurb][\/et_pb_column][et_pb_column type=&#8221;1_3&#8243; _builder_version=&#8221;4.17.6&#8243; _module_preset=&#8221;default&#8221; global_colors_info=&#8221;{}&#8221;][et_pb_blurb title=&#8221;SERIE 162 PC&#8221; url=&#8221;https:\/\/heco.es\/wp-content\/uploads\/2022\/07\/NEWS_2022_SERIE-162-PC.pdf&#8221; url_new_window=&#8221;on&#8221; image=&#8221;https:\/\/heco.es\/wp-content\/uploads\/2022\/07\/SERIE-162-PC-1.jpg&#8221; image_icon_width=&#8221;90%&#8221; icon_alignment=&#8221;left&#8221; _builder_version=&#8221;4.17.6&#8243; _module_preset=&#8221;default&#8221; header_level=&#8221;h5&#8243; header_text_color=&#8221;#e02b20&#8243; image_icon_custom_margin=&#8221;0px||0px|0px|false|false&#8221; image_icon_custom_padding=&#8221;0px||0px|0px|false|false&#8221; custom_margin=&#8221;-40px||0px|16px|false|false&#8221; custom_padding=&#8221;39px|0px|0px|0px|false|false&#8221; global_colors_info=&#8221;{}&#8221;]<\/p>\n<p>Armari amb portes correderes.<\/p>\n<p>[\/et_pb_blurb][et_pb_blurb title=&#8221;SERIE 142 A&#8221; url=&#8221;https:\/\/heco.es\/wp-content\/uploads\/2021\/10\/NEWS_2020_SERIE-142-A.pdf&#8221; url_new_window=&#8221;on&#8221; image=&#8221;https:\/\/heco.es\/wp-content\/uploads\/2021\/10\/SERIE-142-A.jpg&#8221; _builder_version=&#8221;4.16&#8243; _module_preset=&#8221;default&#8221; header_level=&#8221;h5&#8243; header_text_color=&#8221;#e02b20&#8243; min_height=&#8221;508.4px&#8221; custom_margin=&#8221;||117px|||&#8221; custom_padding=&#8221;149px|||19px||&#8221; global_colors_info=&#8221;{}&#8221;]<\/p>\n<p>Banc de treball ideal: qualitat i robustesa.<\/p>\n<p>[\/et_pb_blurb][et_pb_blurb title=&#8221;SERIE 128&#8243; url=&#8221;https:\/\/heco.es\/wp-content\/uploads\/2021\/10\/NEWS_2020_SERIE-128.pdf&#8221; url_new_window=&#8221;on&#8221; image=&#8221;https:\/\/heco.es\/wp-content\/uploads\/2021\/10\/SERIE-128-2.jpg&#8221; _builder_version=&#8221;4.16&#8243; _module_preset=&#8221;default&#8221; header_level=&#8221;h5&#8243; header_text_color=&#8221;#e02b20&#8243; custom_padding=&#8221;0px|||17px||&#8221; global_colors_info=&#8221;{}&#8221;]<\/p>\n<p>Carro d&#8217;alta resist\u00e8ncia per treballs exteriors.<\/p>\n<p>[\/et_pb_blurb][\/et_pb_column][et_pb_column type=&#8221;1_3&#8243; _builder_version=&#8221;4.16&#8243; _module_preset=&#8221;default&#8221; global_colors_info=&#8221;{}&#8221;][et_pb_blurb title=&#8221;SERIE 222-223&#8243; url=&#8221;https:\/\/heco.es\/wp-content\/uploads\/2022\/07\/NEWS_2022_SERIE-222-223-1.pdf&#8221; url_new_window=&#8221;on&#8221; image=&#8221;https:\/\/heco.es\/wp-content\/uploads\/2022\/07\/SERIE-222-223.jpg&#8221; _builder_version=&#8221;4.17.4&#8243; _module_preset=&#8221;default&#8221; header_level=&#8221;h5&#8243; header_text_color=&#8221;#e02b20&#8243; custom_margin=&#8221;124px|||0px|false|false&#8221; custom_padding=&#8221;|||16px|false|false&#8221; global_colors_info=&#8221;{}&#8221;]<\/p>\n<p>Mobles configurables per mostradors.<\/p>\n<p>[\/et_pb_blurb][et_pb_blurb title=&#8221;SERIE 171&#8243; url=&#8221;https:\/\/heco.es\/wp-content\/uploads\/2022\/07\/NEWS_2022_SERIE-171-3.pdf&#8221; url_new_window=&#8221;on&#8221; image=&#8221;https:\/\/heco.es\/wp-content\/uploads\/2022\/07\/171-presentacio_WEB-2.jpg&#8221; image_icon_width=&#8221;92%&#8221; _builder_version=&#8221;4.17.4&#8243; _module_preset=&#8221;default&#8221; header_level=&#8221;h5&#8243; header_text_color=&#8221;#e02b20&#8243; min_height=&#8221;500px&#8221; custom_margin=&#8221;4px||0px||false|false&#8221; custom_padding=&#8221;17px||16px|19px|false|false&#8221; global_colors_info=&#8221;{}&#8221;]<\/p>\n<p>Enstanteria per c\u00e0rregues lleugeres.<\/p>\n<p>[\/et_pb_blurb][et_pb_blurb title=&#8221;SERIE 112 PH-PM&#8221; url=&#8221;https:\/\/heco.es\/wp-content\/uploads\/2021\/10\/NEWS_2020_SERIE-112-PH-PM.pdf&#8221; url_new_window=&#8221;on&#8221; image=&#8221;https:\/\/heco.es\/wp-content\/uploads\/2021\/10\/SERIE-PH-PM.jpg&#8221; _builder_version=&#8221;4.16&#8243; _module_preset=&#8221;default&#8221; header_level=&#8221;h5&#8243; header_text_color=&#8221;#e02b20&#8243; min_height=&#8221;501px&#8221; custom_margin=&#8221;||-5px|||&#8221; custom_padding=&#8221;121px|9px||||&#8221; global_colors_info=&#8221;{}&#8221;]<\/p>\n<p>Bancs de treball ergon\u00f2mics hidr\u00e0ulics i motoritzats.<\/p>\n<p>[\/et_pb_blurb][\/et_pb_column][\/et_pb_row][et_pb_row _builder_version=&#8221;4.16&#8243; background_size=&#8221;initial&#8221; background_position=&#8221;top_left&#8221; background_repeat=&#8221;repeat&#8221; custom_margin=&#8221;14px|auto|-20px|auto||&#8221; custom_padding=&#8221;||5px|||&#8221; global_colors_info=&#8221;{}&#8221;][et_pb_column type=&#8221;4_4&#8243; _builder_version=&#8221;4.16&#8243; custom_padding=&#8221;|||&#8221; global_colors_info=&#8221;{}&#8221; custom_padding__hover=&#8221;|||&#8221;]<\/p>\n<p>[et_pb_divider disabled_on=&#8221;on|on|off&#8221; _builder_version=&#8221;4.16&#8243; custom_margin=&#8221;||9px|||&#8221; custom_padding=&#8221;||40px|||&#8221; hide_on_mobile=&#8221;on&#8221; global_colors_info=&#8221;{}&#8221;]\u00a0 [\/et_pb_divider]<\/p>\n<p>[\/et_pb_column][\/et_pb_row][\/et_pb_section]<\/p>\n","protected":false},"excerpt":{"rendered":"<p>Armariis per vestidors.Caixa d&#8217;eines amb rodes i seient.Carros de taller compactes i resistents.Armari amb portes correderes.Banc de treball ideal: qualitat i robustesa.Carro d&#8217;alta resist\u00e8ncia per treballs exteriors.Mobles configurables per mostradors.Enstanteria per c\u00e0rregues lleugeres.Bancs de treball ergon\u00f2mics hidr\u00e0ulics i motoritzats.\u00a0<\/p>\n","protected":false},"author":1,"featured_media":0,"parent":0,"menu_order":0,"comment_status":"open","ping_status":"closed","template":"","meta":{"_et_pb_use_builder":"on","_et_pb_old_content":"","_et_gb_content_width":"","footnotes":""},"class_list":["post-13872","page","type-page","status-publish","hentry"],"_links":{"self":[{"href":"https:\/\/heco.es\/ca\/wp-json\/wp\/v2\/pages\/13872","targetHints":{"allow":["GET"]}}],"collection":[{"href":"https:\/\/heco.es\/ca\/wp-json\/wp\/v2\/pages"}],"about":[{"href":"https:\/\/heco.es\/ca\/wp-json\/wp\/v2\/types\/page"}],"author":[{"embeddable":true,"href":"https:\/\/heco.es\/ca\/wp-json\/wp\/v2\/users\/1"}],"replies":[{"embeddable":true,"href":"https:\/\/heco.es\/ca\/wp-json\/wp\/v2\/comments?post=13872"}],"version-history":[{"count":26,"href":"https:\/\/heco.es\/ca\/wp-json\/wp\/v2\/pages\/13872\/revisions"}],"predecessor-version":[{"id":23512,"href":"https:\/\/heco.es\/ca\/wp-json\/wp\/v2\/pages\/13872\/revisions\/23512"}],"wp:attachment":[{"href":"https:\/\/heco.es\/ca\/wp-json\/wp\/v2\/media?parent=13872"}],"curies":[{"name":"wp","href":"https:\/\/api.w.org\/{rel}","templated":true}]}}