{"id":13916,"date":"2021-11-30T12:51:05","date_gmt":"2021-11-30T11:51:05","guid":{"rendered":"https:\/\/heco.es\/us-de-galetes\/"},"modified":"2022-07-22T16:19:13","modified_gmt":"2022-07-22T14:19:13","slug":"us-de-galetes","status":"publish","type":"page","link":"https:\/\/heco.es\/ca\/us-de-galetes\/","title":{"rendered":"\u00das de galetes"},"content":{"rendered":"<p>[et_pb_section fb_built=&#8221;1&#8243; _builder_version=&#8221;3.22&#8243;][et_pb_row _builder_version=&#8221;3.25&#8243; background_size=&#8221;initial&#8221; background_position=&#8221;top_left&#8221; background_repeat=&#8221;repeat&#8221;][et_pb_column type=&#8221;4_4&#8243; _builder_version=&#8221;3.25&#8243; custom_padding=&#8221;|||&#8221; custom_padding__hover=&#8221;|||&#8221;][et_pb_text _builder_version=&#8221;3.27.4&#8243;]<span style=\"color: #ff0000;\">\u00daS DE GALETES HECO<\/span><\/p>\n<p><strong>Definici\u00f3 i funci\u00f3 de las cookies<\/strong><\/p>\n<p>Una cookie \u00e9s un fitxer que descarrega en el seu ordenador al accedir a determinades p\u00e0gines web. Les cookies permeten, entre d\u2019altres coses, registrar l\u2019activitat del usuari de manera an\u00f2nima a la p\u00e0gina web, que permet aix\u00ed recordar determinats par\u00e0metres i informaci\u00f3 sobre l\u2019usuari amb l\u2019objectiu de tenir una major personalitzaci\u00f3 del lloc web, configurar prefer\u00e8ncies, o an\u00e0lisis de dades.<\/p>\n<p><strong>\u00bfQuin tipus de cookies utilitza aquesta p\u00e0gina web?<\/strong><\/p>\n<p>Las cookies pr\u00f2pies de tercers prestadors de serveis s\u00f3n les seg\u00fcents:<\/p>\n<p>(Les cookies de tercers s\u00f3n aquelles que s\u2019envien al equip terminal del usuari des de un equip o domini que no es gestionat per el editor, si no per una altre entitat que tracta les dades obtinguts a trav\u00e9s de les cookies)<\/p>\n<p><strong>Google Maps<\/strong><\/p>\n<p>Dos cookies (PREF i NID) persistents establides per aplicacions de Google Maps i gestionades per Google.<br \/>\nPer a m\u00e8s detalls consulti en el seg\u00fcent enlla\u00e7 la pol\u00edtica de privacitat de Google [http:\/\/www.google.com\/intl\/es\/policies\/privacy\/]<\/p>\n<p><strong>Google Analytics<\/strong><\/p>\n<p>Per realitzar les estad\u00edstiques de \u00fas del lloc web s\u2019utilitzen les cookies de Google Analytics. L\u2019objectiu es con\u00e8ixer el nivell de recurr\u00e8ncia dels visitants i els continguts que els resulten m\u00e9s interesants. D\u2019aquesta manera es poden concentrar els esfor\u00e7os en millorar les \u00e0rees m\u00e9s visitades i fer que el usuari trobi m\u00e9s f\u00e0cilment el que busca.<br \/>\nEn el lloc web pots fer-se servir la informaci\u00f3 de la seva visita per realitzar avaluacions i c\u00e0lculs estad\u00edstics respecte a dades an\u00f2nimes, aix\u00ed com per garantir la continu\u00eftat del servei o per realitzar millores en els seus llocs web.<br \/>\nPer a m\u00e8s detalls consulti en el seg\u00fcent enlla\u00e7 la pol\u00edtica de privacitat de Google [http:\/\/www.google.com\/intl\/es\/policies\/privacy\/]<\/p>\n<p><strong>Revocaci\u00f3 i eliminaci\u00f3 de cookies<\/strong><\/p>\n<p>L\u2019usuari pot permetre, bloquejar o eliminar les cookies instal\u00b7lades en el seu equip per mitj\u00e0 la configuraci\u00f3 de les opcions del navegador instal\u00b7lat en el seu ordinador, en cas que no admeti la instalaci\u00f3 de cookies en el seu navegador es possible que no es pugui accedir a alguna de les seccions de la nostra web.<br \/>\nEn els seg\u00fcents enlla\u00e7os, s\u2019explica la gesti\u00f3 de les cookies segons els diferents navegadors web:<\/p>\n<p>Chrome, des de <a href=\"http:\/\/support.google.com\/chrome\/bin\/answer.py?hl=es&amp;answer=95647\" target=\"_blank\" rel=\"noopener\">http:\/\/support.google.com\/chrome\/bin\/answer.py?hl=es&amp;answer=95647<\/a><\/p>\n<p>Explorer, des de <a href=\"http:\/\/windows.microsoft.com\/es-es\/windows7\/how-to-manage-cookies-in-internet-explorer-9\" target=\"_blank\" rel=\"noopener\">http:\/\/windows.microsoft.com\/es-es\/windows7\/how-to-manage-cookies-in-internet-explorer-9<\/a><\/p>\n<p>Firefox, des de <a href=\"http:\/\/support.mozilla.org\/es\/kb\/habilitar-y-deshabilitar-cookies-que-los-sitios-we\" target=\"_blank\" rel=\"noopener\">http:\/\/support.mozilla.org\/es\/kb\/habilitar-y-deshabilitar-cookies-que-los-sitios-we<\/a><\/p>\n<p>Safari, desde <a href=\"http:\/\/support.apple.com\/kb\/ph5042\" target=\"_blank\" rel=\"noopener\">http:\/\/support.apple.com\/kb\/ph5042<\/a><\/p>\n<p><strong>M\u00e9s informaci\u00f3 sobre les cookies i la seva pol\u00edtica<\/strong><\/p>\n<p>Pot ampliar m\u00e9s informaci\u00f3 al respecte de les cookies en els seg\u00fcents enlla\u00e7os:<\/p>\n<p><a href=\"http:\/\/en.wikipedia.org\/wiki\/HTTP_cookie\" target=\"_blank\" rel=\"noopener\">http:\/\/en.wikipedia.org\/wiki\/HTTP_cookie<\/a><\/p>\n<p><a href=\"http:\/\/www.agpd.es\/portalwebAGPD\/canaldocumentacion\/publicaciones\/common\/Guias\/Guia_Cookies.pdf\" target=\"_blank\" rel=\"noopener\">http:\/\/www.agpd.es\/portalwebAGPD\/canaldocumentacion\/publicaciones\/common\/Guias\/Guia_Cookies.pdf<\/a><br \/>\n[\/et_pb_text][\/et_pb_column][\/et_pb_row][\/et_pb_section]<\/p>\n","protected":false},"excerpt":{"rendered":"<p>\u00daS DE GALETES HECO Definici\u00f3 i funci\u00f3 de las cookies Una cookie \u00e9s un fitxer que descarrega en el seu ordenador al accedir a determinades p\u00e0gines web. Les cookies permeten, entre d\u2019altres coses, registrar l\u2019activitat del usuari de manera an\u00f2nima a la p\u00e0gina web, que permet aix\u00ed recordar determinats par\u00e0metres i informaci\u00f3 sobre l\u2019usuari amb [&hellip;]<\/p>\n","protected":false},"author":1,"featured_media":0,"parent":0,"menu_order":0,"comment_status":"closed","ping_status":"closed","template":"","meta":{"_et_pb_use_builder":"on","_et_pb_old_content":"","_et_gb_content_width":"","footnotes":""},"class_list":["post-13916","page","type-page","status-publish","hentry"],"_links":{"self":[{"href":"https:\/\/heco.es\/ca\/wp-json\/wp\/v2\/pages\/13916","targetHints":{"allow":["GET"]}}],"collection":[{"href":"https:\/\/heco.es\/ca\/wp-json\/wp\/v2\/pages"}],"about":[{"href":"https:\/\/heco.es\/ca\/wp-json\/wp\/v2\/types\/page"}],"author":[{"embeddable":true,"href":"https:\/\/heco.es\/ca\/wp-json\/wp\/v2\/users\/1"}],"replies":[{"embeddable":true,"href":"https:\/\/heco.es\/ca\/wp-json\/wp\/v2\/comments?post=13916"}],"version-history":[{"count":4,"href":"https:\/\/heco.es\/ca\/wp-json\/wp\/v2\/pages\/13916\/revisions"}],"predecessor-version":[{"id":21034,"href":"https:\/\/heco.es\/ca\/wp-json\/wp\/v2\/pages\/13916\/revisions\/21034"}],"wp:attachment":[{"href":"https:\/\/heco.es\/ca\/wp-json\/wp\/v2\/media?parent=13916"}],"curies":[{"name":"wp","href":"https:\/\/api.w.org\/{rel}","templated":true}]}}