{"id":13928,"date":"2021-11-30T15:19:31","date_gmt":"2021-11-30T14:19:31","guid":{"rendered":"https:\/\/heco.es\/politica-de-privadesa\/"},"modified":"2026-03-19T14:19:29","modified_gmt":"2026-03-19T13:19:29","slug":"politica-de-privadesa","status":"publish","type":"page","link":"https:\/\/heco.es\/ca\/politica-de-privadesa\/","title":{"rendered":"Pol\u00edtica de privacitat"},"content":{"rendered":"<p>[et_pb_section fb_built=&#8221;1&#8243; custom_padding_last_edited=&#8221;on|desktop&#8221; _builder_version=&#8221;4.16&#8243; custom_padding_tablet=&#8221;50px|0|50px|0&#8243; custom_padding_phone=&#8221;&#8221; da_disable_devices=&#8221;off|off|off&#8221; transparent_background=&#8221;off&#8221; padding_mobile=&#8221;off&#8221; make_fullwidth=&#8221;off&#8221; use_custom_width=&#8221;off&#8221; width_unit=&#8221;on&#8221; global_colors_info=&#8221;{}&#8221; da_is_popup=&#8221;off&#8221; da_exit_intent=&#8221;off&#8221; da_has_close=&#8221;on&#8221; da_alt_close=&#8221;off&#8221; da_dark_close=&#8221;off&#8221; da_not_modal=&#8221;on&#8221; da_is_singular=&#8221;off&#8221; da_with_loader=&#8221;off&#8221; da_has_shadow=&#8221;on&#8221;][et_pb_row padding_mobile=&#8221;off&#8221; column_padding_mobile=&#8221;off&#8221; module_class=&#8221; et_pb_row_fullwidth&#8221; _builder_version=&#8221;4.16&#8243; background_size=&#8221;initial&#8221; background_position=&#8221;top_left&#8221; background_repeat=&#8221;repeat&#8221; width=&#8221;100%&#8221; width_tablet=&#8221;100%&#8221; width_phone=&#8221;&#8221; width_last_edited=&#8221;on|desktop&#8221; max_width=&#8221;100%&#8221; max_width_tablet=&#8221;100%&#8221; max_width_phone=&#8221;&#8221; max_width_last_edited=&#8221;on|desktop&#8221; make_fullwidth=&#8221;on&#8221; use_custom_width=&#8221;off&#8221; width_unit=&#8221;on&#8221; global_colors_info=&#8221;{}&#8221;][et_pb_column type=&#8221;4_4&#8243; _builder_version=&#8221;4.16&#8243; custom_padding=&#8221;|||&#8221; global_colors_info=&#8221;{}&#8221; custom_padding__hover=&#8221;|||&#8221;][et_pb_blurb admin_label=&#8221;PRIVACIDAD&#8221; _builder_version=&#8221;4.16&#8243; background_size=&#8221;initial&#8221; background_position=&#8221;top_left&#8221; background_repeat=&#8221;repeat&#8221; text_orientation=&#8221;justified&#8221; max_width_tablet=&#8221;50px&#8221; use_border_color=&#8221;off&#8221; global_colors_info=&#8221;{}&#8221;]<span style=\"color: #ff0000;\">POLITICA DE PRIVACITAT HECO<\/span><\/p>\n<p>INDUSTRIES CONESA S.L. a trav\u00e9s de la seva web HECO.ES sol\u00b7licita al usuari certes dades de car\u00e0cter personal. Les dades subministrades per el usuari quedaran incorporades en un fitxer automatitzat de dades, titularitat de INDUSTRIES CONESA S.L. Aquest ser\u00e0 processat amb el fi de prestar els serveis sol\u00b7licitats per el usuari. El usuari autoritza el tractament automatitzat de les dades personal subministrades, necess\u00e0ries per la prestaci\u00f3 dels serveis pactats. La informaci\u00f3 personal recollida dels clients registrats s\u2019emmagatzema en una base de dades propietat de INDUSTRIES CONESA S.L., que assumeix les mides t\u00e8cniques, organitzativa i de seguretat que garantissin la confidencialitat i integritat de la informaci\u00f3 d\u2019acord amb ho establert al Reglament (UE) 2016\/679 del Parlament Europeu i del Consell, de 27 d&#8217;abril de 2016, i a m\u00e9s de la legislaci\u00f3 aplicable. INDUSTRIES CONESA S.L. a trav\u00e9s de la seva web, utilitzar\u00e0 les dades subministrades per el usuari de manera interna per donar a con\u00e8ixer al usuari ofertes i promocions que es considerin de inter\u00e8s per a ell. El usuari accepta que les seves dades personals siguin cedides a altres empreses del grup al que pertanyen INDUSTRIES CONESA S.L., aix\u00ed com a altres amb l\u2019objectiu final d\u2019acords de col\u00b7laboraci\u00f3 amb la \u00fanica finalitat de una millor prestaci\u00f3 de servei, respectant en tot cas la legislaci\u00f3 espanyola sobre la protecci\u00f3 de dades de car\u00e0cter personal. INDUSTRIES CONESA S.L. a trav\u00e9s de la seva web utilitzar\u00e0 cookies quan l\u2019usuari navegui dintre de HECO.ES. les cookies s\u2019associen \u00fanicament a un usuari an\u00f2nim i al seu ordinador, i no proporcionen referencies que permetin deduir el nom i cognoms de l\u2019usuari. Gr\u00e0cies a les cookies, resulta possible recon\u00e8ixer als usuaris registrats despr\u00e8s que s\u2019hagin registrat per primera vegada, sense que tinguin que registrar-se en cada visita per accedir a les \u00e0rees i serveis reservats exclusivament per a ells. L\u2019usuari t\u00e9 la opci\u00f3 de no permetre la generaci\u00f3 de cookies, mitjan\u00e7ant la selecci\u00f3 de la corresponent opci\u00f3 en el programa del navegador. Qualsevol usuari registrat pot en qualsevol moment exercir el dret a accedir, rectificar i , en el seu cas, cancel\u00b7lar les dades de car\u00e0cter personal subministrades en la web HECO.ES, mitjan\u00e7ant la comunicaci\u00f3 escrita dirigida a INDUSTRIES CONESA S.L., Ctra. Nacional II, KM 4,3 Figueres (Girona) o b\u00e9 a trav\u00e9s de l\u2019enviament de un correu electr\u00f2nic\u00a0 a l\u2019adre\u00e7a info@heco.es<br \/>\n[\/et_pb_blurb][\/et_pb_column][\/et_pb_row][\/et_pb_section]<\/p>\n","protected":false},"excerpt":{"rendered":"<p>POLITICA DE PRIVACITAT HECOINDUSTRIES CONESA S.L. a trav\u00e9s de la seva web HECO.ES sol\u00b7licita al usuari certes dades de car\u00e0cter personal. Les dades subministrades per el usuari quedaran incorporades en un fitxer automatitzat de dades, titularitat de INDUSTRIES CONESA S.L. Aquest ser\u00e0 processat amb el fi de prestar els serveis sol\u00b7licitats per el usuari. El [&hellip;]<\/p>\n","protected":false},"author":1,"featured_media":0,"parent":0,"menu_order":0,"comment_status":"open","ping_status":"closed","template":"page-template-blank.php","meta":{"_et_pb_use_builder":"on","_et_pb_old_content":"","_et_gb_content_width":"","footnotes":""},"class_list":["post-13928","page","type-page","status-publish","hentry"],"_links":{"self":[{"href":"https:\/\/heco.es\/ca\/wp-json\/wp\/v2\/pages\/13928","targetHints":{"allow":["GET"]}}],"collection":[{"href":"https:\/\/heco.es\/ca\/wp-json\/wp\/v2\/pages"}],"about":[{"href":"https:\/\/heco.es\/ca\/wp-json\/wp\/v2\/types\/page"}],"author":[{"embeddable":true,"href":"https:\/\/heco.es\/ca\/wp-json\/wp\/v2\/users\/1"}],"replies":[{"embeddable":true,"href":"https:\/\/heco.es\/ca\/wp-json\/wp\/v2\/comments?post=13928"}],"version-history":[{"count":13,"href":"https:\/\/heco.es\/ca\/wp-json\/wp\/v2\/pages\/13928\/revisions"}],"predecessor-version":[{"id":29404,"href":"https:\/\/heco.es\/ca\/wp-json\/wp\/v2\/pages\/13928\/revisions\/29404"}],"wp:attachment":[{"href":"https:\/\/heco.es\/ca\/wp-json\/wp\/v2\/media?parent=13928"}],"curies":[{"name":"wp","href":"https:\/\/api.w.org\/{rel}","templated":true}]}}