{"id":13938,"date":"2021-11-30T16:07:16","date_gmt":"2021-11-30T15:07:16","guid":{"rendered":"https:\/\/heco.es\/presentacio\/"},"modified":"2025-05-08T16:22:29","modified_gmt":"2025-05-08T14:22:29","slug":"presentacio","status":"publish","type":"page","link":"https:\/\/heco.es\/ca\/presentacio\/","title":{"rendered":"PRESENTACI\u00d3"},"content":{"rendered":"<p>[et_pb_section fb_built=&#8221;1&#8243; custom_padding_last_edited=&#8221;on|desktop&#8221; admin_label=&#8221;section&#8221; _builder_version=&#8221;4.16&#8243; custom_margin=&#8221;0px||25px||false|false&#8221; custom_padding=&#8221;0px||45px||false|false&#8221; custom_padding_tablet=&#8221;50px|0|50px|0&#8243; custom_padding_phone=&#8221;&#8221; global_colors_info=&#8221;{}&#8221;][et_pb_row column_structure=&#8221;1_2,1_2&#8243; admin_label=&#8221;row&#8221; _builder_version=&#8221;4.16&#8243; custom_margin=&#8221;56px||56px||true|false&#8221; custom_margin_tablet=&#8221;&#8221; custom_margin_phone=&#8221;&#8221; custom_margin_last_edited=&#8221;on|phone&#8221; custom_padding=&#8221;||0px||false|false&#8221; animation_style=&#8221;fade&#8221; animation_duration=&#8221;500ms&#8221; global_colors_info=&#8221;{}&#8221;][et_pb_column type=&#8221;1_2&#8243; _builder_version=&#8221;4.16&#8243; custom_padding=&#8221;0px||0px||false|false&#8221; global_colors_info=&#8221;{}&#8221; custom_padding__hover=&#8221;|||&#8221;][et_pb_blurb _builder_version=&#8221;4.17.6&#8243; custom_margin=&#8221;-53px||-53px||true|&#8221; custom_padding=&#8221;51px|||||&#8221; hover_enabled=&#8221;0&#8243; global_colors_info=&#8221;{}&#8221; sticky_enabled=&#8221;0&#8243;]<\/p>\n<p style=\"text-align: right;\"><span style=\"color: #ff0000;\">sobre HECO<\/span><\/p>\n<p>Els or\u00edgens del Grup Conesa es remunten als anys 30 quan el avi del actual President Executiu, va fund\u00e0 un taller de carrosseria per el sector del autom\u00f2bil a Figueres.<\/p>\n<p>M\u00e9s endavant, els seus fills van seguir els seus passos dins del sector del autom\u00f2bil i de la motocicleta. Dedicant-se al mateix temps a la fabricaci\u00f3 de mobles met\u00e0l\u00b7lics, patentant l&#8217;any 1962 el sistema d&#8217;apertura total de les caixes d&#8217;eines.<\/p>\n<p>Avui en dia, ens mantenim fidels a la nostra tradici\u00f3. La millora continua en tots els processos ens ha portat a ser l\u00edders en el nostre sector.<\/p>\n<p>La qualitat i servei ens ha proporcionat una extensa red comercial efica\u00e7 en la que satisfem totes les necessitats del client oferint un portfoli extens de productes est\u00e0ndards i a mida.<\/p>\n<p>&nbsp;<\/p>\n<p style=\"text-align: justify;\">\n<p>[\/et_pb_blurb][et_pb_blurb image=&#8221;https:\/\/heco.es\/wp-content\/uploads\/2017\/09\/grup-CONESA1.png&#8221; image_icon_width=&#8221;54%&#8221; icon_alignment=&#8221;left&#8221; _builder_version=&#8221;4.16&#8243; module_alignment=&#8221;left&#8221; min_height=&#8221;100px&#8221; height=&#8221;100px&#8221; max_height=&#8221;58px&#8221; custom_margin=&#8221;4px||4px|-41px|true|false&#8221; custom_margin_tablet=&#8221;&#8221; custom_margin_phone=&#8221;|||-20px|true|false&#8221; custom_margin_last_edited=&#8221;on|desktop&#8221; custom_padding=&#8221;24px||0px||false|false&#8221; custom_padding_last_edited=&#8221;off|desktop&#8221; image_max_width=&#8221;54%&#8221; global_colors_info=&#8221;{}&#8221;]<\/p>\n<p style=\"text-align: justify;\"><a href=\"http:\/\/sport.controllogic.es\/wp-content\/uploads\/2017\/09\/grup-CONESA1.png\" target=\"_blank\" rel=\"noopener\"><\/a><\/p>\n<p>[\/et_pb_blurb][\/et_pb_column][et_pb_column type=&#8221;1_2&#8243; _builder_version=&#8221;4.16&#8243; custom_padding=&#8221;||76px||false|false&#8221; global_colors_info=&#8221;{}&#8221; custom_padding__hover=&#8221;|||&#8221;][et_pb_video src=&#8221;https:\/\/heco.es\/wp-content\/uploads\/2021\/02\/PROSPECT-PRESENTATION-2021-es.mp4&#8243; _builder_version=&#8221;4.5.3&#8243; _module_preset=&#8221;default&#8221; custom_margin=&#8221;40px||||false|false&#8221; custom_padding_tablet=&#8221;|23px||23px|false|false&#8221; custom_padding_phone=&#8221;|0px||0px|false|false&#8221; custom_padding_last_edited=&#8221;on|phone&#8221; global_colors_info=&#8221;{}&#8221;][\/et_pb_video][\/et_pb_column][\/et_pb_row][\/et_pb_section]<\/p>\n","protected":false},"excerpt":{"rendered":"<p>sobre HECOEls or\u00edgens del Grup Conesa es remunten als anys 30 quan el avi del actual President Executiu, va fund\u00e0 un taller de carrosseria per el sector del autom\u00f2bil a Figueres.M\u00e9s endavant, els seus fills van seguir els seus passos dins del sector del autom\u00f2bil i de la motocicleta. Dedicant-se al mateix temps a la [&hellip;]<\/p>\n","protected":false},"author":1,"featured_media":0,"parent":0,"menu_order":0,"comment_status":"open","ping_status":"closed","template":"","meta":{"_et_pb_use_builder":"on","_et_pb_old_content":"","_et_gb_content_width":"","footnotes":""},"class_list":["post-13938","page","type-page","status-publish","hentry"],"_links":{"self":[{"href":"https:\/\/heco.es\/ca\/wp-json\/wp\/v2\/pages\/13938","targetHints":{"allow":["GET"]}}],"collection":[{"href":"https:\/\/heco.es\/ca\/wp-json\/wp\/v2\/pages"}],"about":[{"href":"https:\/\/heco.es\/ca\/wp-json\/wp\/v2\/types\/page"}],"author":[{"embeddable":true,"href":"https:\/\/heco.es\/ca\/wp-json\/wp\/v2\/users\/1"}],"replies":[{"embeddable":true,"href":"https:\/\/heco.es\/ca\/wp-json\/wp\/v2\/comments?post=13938"}],"version-history":[{"count":12,"href":"https:\/\/heco.es\/ca\/wp-json\/wp\/v2\/pages\/13938\/revisions"}],"predecessor-version":[{"id":27186,"href":"https:\/\/heco.es\/ca\/wp-json\/wp\/v2\/pages\/13938\/revisions\/27186"}],"wp:attachment":[{"href":"https:\/\/heco.es\/ca\/wp-json\/wp\/v2\/media?parent=13938"}],"curies":[{"name":"wp","href":"https:\/\/api.w.org\/{rel}","templated":true}]}}