{"id":13674,"date":"2021-11-29T15:01:03","date_gmt":"2021-11-29T14:01:03","guid":{"rendered":"https:\/\/heco.es\/etablis\/"},"modified":"2024-05-07T12:55:31","modified_gmt":"2024-05-07T10:55:31","slug":"etablis","status":"publish","type":"page","link":"https:\/\/heco.es\/fr\/etablis\/","title":{"rendered":"\u00c9tablis"},"content":{"rendered":"<p>[et_pb_section fb_built=\u00a0\u00bb1&Prime; admin_label=\u00a0\u00bbSecci\u00f3n\u00a0\u00bb _builder_version=\u00a0\u00bb4.16&Prime; custom_margin=\u00a0\u00bb142px||147px||false|false\u00a0\u00bb custom_padding=\u00a0\u00bb1px||0px|||\u00a0\u00bb global_colors_info=\u00a0\u00bb{}\u00a0\u00bb][et_pb_row column_structure=\u00a0\u00bb1_2,1_2&Prime; _builder_version=\u00a0\u00bb4.16&Prime; _module_preset=\u00a0\u00bbdefault\u00a0\u00bb custom_padding=\u00a0\u00bb||75px|||\u00a0\u00bb global_colors_info=\u00a0\u00bb{}\u00a0\u00bb][et_pb_column type=\u00a0\u00bb1_2&Prime; _builder_version=\u00a0\u00bb4.16&Prime; _module_preset=\u00a0\u00bbdefault\u00a0\u00bb global_colors_info=\u00a0\u00bb{}\u00a0\u00bb][et_pb_image src=\u00a0\u00bbhttps:\/\/heco.es\/wp-content\/uploads\/2017\/09\/5.bancos.png\u00a0\u00bb title_text=\u00a0\u00bb5.bancos\u00a0\u00bb align=\u00a0\u00bbright\u00a0\u00bb _builder_version=\u00a0\u00bb4.16&Prime; _module_preset=\u00a0\u00bbdefault\u00a0\u00bb width=\u00a0\u00bb65%\u00a0\u00bb max_width=\u00a0\u00bb100%\u00a0\u00bb module_alignment=\u00a0\u00bbright\u00a0\u00bb custom_margin=\u00a0\u00bb47px||||false|false\u00a0\u00bb global_colors_info=\u00a0\u00bb{}\u00a0\u00bb][\/et_pb_image][\/et_pb_column][et_pb_column type=\u00a0\u00bb1_2&Prime; _builder_version=\u00a0\u00bb4.16&Prime; _module_preset=\u00a0\u00bbdefault\u00a0\u00bb global_colors_info=\u00a0\u00bb{}\u00a0\u00bb][et_pb_blurb _builder_version=\u00a0\u00bb4.16&Prime; _module_preset=\u00a0\u00bbdefault\u00a0\u00bb text_orientation=\u00a0\u00bbcenter\u00a0\u00bb custom_margin=\u00a0\u00bb44px|||||\u00a0\u00bb hover_enabled=\u00a0\u00bb0&Prime; global_colors_info=\u00a0\u00bb{}\u00a0\u00bb sticky_enabled=\u00a0\u00bb0&Prime;]<\/p>\n<p style=\"text-align: left;\"><a href=\"https:\/\/heco.es\/fr\/bancs-pour-charges-lourdes-1000kg\/\" target=\"_blank\" rel=\"noopener noreferrer\"><span style=\"color: #003366;\">\u00c9TABLIS GRANDS CHARGES 1000Kg<\/span><\/a><\/p>\n<p style=\"text-align: left;\"><a href=\"https:\/\/heco.es\/fr\/etablis-charges-moyennes-1000kg\/\" target=\"_blank\" rel=\"noopener noreferrer\"><span style=\"color: #003366;\">\u00c9TABLIS CHARGES MOYENNES 600Kg<\/span><\/a><\/p>\n<p style=\"text-align: left;\"><a href=\"https:\/\/heco.es\/fr\/etablis-petits-charges-300kg\/\" target=\"_blank\" rel=\"noopener noreferrer\"><span style=\"color: #003366;\">\u00c9TABLIS POUR PETITES CHARGES 300Kg<\/span><\/a><\/p>\n<p style=\"text-align: left;\"><a href=\"https:\/\/heco.es\/fr\/etablis-hydrauliques-ergonomiques\/\" target=\"_blank\" rel=\"noopener noreferrer\"><span style=\"color: #003366;\">\u00c9TABLIS HYDRAULIQUES ERGONOMIQUES<\/span><\/a><\/p>\n<p style=\"text-align: left;\"><a href=\"https:\/\/heco.es\/fr\/bancs-mecaniques-ergonomiques\/\" target=\"_blank\" rel=\"noopener noreferrer\"><span style=\"color: #003366;\">\u00c9TABLIS M\u00c9CANIQUES ERGONOMIQUES<\/span><\/a><\/p>\n<p style=\"text-align: left;\"><a href=\"https:\/\/heco.es\/fr\/etablis-modulaires\/\" target=\"_blank\" rel=\"noopener noreferrer\"><span style=\"color: #003366;\">\u00c9TABLIS MODULAIRES<\/span><\/a><\/p>\n<p style=\"text-align: left;\"><a href=\"https:\/\/heco.es\/fr\/etablis-monoblocs\/\" target=\"_blank\" rel=\"noopener noreferrer\"><span style=\"color: #003366;\">\u00c9TABLIS MONOBLOCS<\/span><\/a><\/p>\n<p style=\"text-align: left;\"><a href=\"https:\/\/heco.es\/fr\/etablis-renforces\/\" target=\"_blank\" rel=\"noopener noreferrer\"><span style=\"color: #003366;\">\u00c9TABLIS RENFORC\u00c9S<\/span><\/a><\/p>\n<p style=\"text-align: left;\">\n<p>[\/et_pb_blurb][\/et_pb_column][\/et_pb_row][\/et_pb_section]<\/p>\n","protected":false},"excerpt":{"rendered":"<p>\u00c9TABLIS GRANDS CHARGES 1000Kg \u00c9TABLIS CHARGES MOYENNES 600Kg \u00c9TABLIS POUR PETITES CHARGES 300Kg \u00c9TABLIS HYDRAULIQUES ERGONOMIQUES \u00c9TABLIS M\u00c9CANIQUES ERGONOMIQUES \u00c9TABLIS MODULAIRES \u00c9TABLIS MONOBLOCS \u00c9TABLIS RENFORC\u00c9S<\/p>\n","protected":false},"author":1,"featured_media":0,"parent":0,"menu_order":0,"comment_status":"open","ping_status":"closed","template":"","meta":{"_et_pb_use_builder":"on","_et_pb_old_content":"","_et_gb_content_width":"","footnotes":""},"class_list":["post-13674","page","type-page","status-publish","hentry"],"_links":{"self":[{"href":"https:\/\/heco.es\/fr\/wp-json\/wp\/v2\/pages\/13674","targetHints":{"allow":["GET"]}}],"collection":[{"href":"https:\/\/heco.es\/fr\/wp-json\/wp\/v2\/pages"}],"about":[{"href":"https:\/\/heco.es\/fr\/wp-json\/wp\/v2\/types\/page"}],"author":[{"embeddable":true,"href":"https:\/\/heco.es\/fr\/wp-json\/wp\/v2\/users\/1"}],"replies":[{"embeddable":true,"href":"https:\/\/heco.es\/fr\/wp-json\/wp\/v2\/comments?post=13674"}],"version-history":[{"count":20,"href":"https:\/\/heco.es\/fr\/wp-json\/wp\/v2\/pages\/13674\/revisions"}],"predecessor-version":[{"id":24776,"href":"https:\/\/heco.es\/fr\/wp-json\/wp\/v2\/pages\/13674\/revisions\/24776"}],"wp:attachment":[{"href":"https:\/\/heco.es\/fr\/wp-json\/wp\/v2\/media?parent=13674"}],"curies":[{"name":"wp","href":"https:\/\/api.w.org\/{rel}","templated":true}]}}