{"id":13859,"date":"2021-11-29T16:59:03","date_gmt":"2021-11-29T15:59:03","guid":{"rendered":"https:\/\/heco.es\/accueil\/"},"modified":"2026-03-17T16:11:24","modified_gmt":"2026-03-17T15:11:24","slug":"accueil","status":"publish","type":"page","link":"https:\/\/heco.es\/fr\/","title":{"rendered":"ACCUEIL"},"content":{"rendered":"<p>[et_pb_section fb_built=\u00a0\u00bb1&Prime; _builder_version=\u00a0\u00bb4.16&Prime; _module_preset=\u00a0\u00bbdefault\u00a0\u00bb transform_scale=\u00a0\u00bb90%|90%\u00a0\u00bb min_height=\u00a0\u00bb739px\u00a0\u00bb custom_margin=\u00a0\u00bb0px||-12px|-120px|false|false\u00a0\u00bb custom_padding=\u00a0\u00bb0px||5px||false|false\u00a0\u00bb da_disable_devices=\u00a0\u00bboff|off|off\u00a0\u00bb global_colors_info=\u00a0\u00bb{}\u00a0\u00bb da_is_popup=\u00a0\u00bboff\u00a0\u00bb da_exit_intent=\u00a0\u00bboff\u00a0\u00bb da_has_close=\u00a0\u00bbon\u00a0\u00bb da_alt_close=\u00a0\u00bboff\u00a0\u00bb da_dark_close=\u00a0\u00bboff\u00a0\u00bb da_not_modal=\u00a0\u00bbon\u00a0\u00bb da_is_singular=\u00a0\u00bboff\u00a0\u00bb da_with_loader=\u00a0\u00bboff\u00a0\u00bb da_has_shadow=\u00a0\u00bbon\u00a0\u00bb][et_pb_row column_structure=\u00a0\u00bb1_4,3_4&Prime; make_equal=\u00a0\u00bbon\u00a0\u00bb _builder_version=\u00a0\u00bb4.17.6&Prime; _module_preset=\u00a0\u00bbdefault\u00a0\u00bb width=\u00a0\u00bb90%\u00a0\u00bb max_width=\u00a0\u00bb2560px\u00a0\u00bb module_alignment=\u00a0\u00bbcenter\u00a0\u00bb min_height=\u00a0\u00bb730px\u00a0\u00bb max_height=\u00a0\u00bb730px\u00a0\u00bb custom_margin=\u00a0\u00bb-36px|653px|14px|95px|false|false\u00a0\u00bb custom_margin_tablet=\u00a0\u00bb||570px||false|false\u00a0\u00bb custom_margin_phone=\u00a0\u00bb\u00a0\u00bb custom_margin_last_edited=\u00a0\u00bbon|desktop\u00a0\u00bb custom_padding=\u00a0\u00bb41px||0px|0px|false|false\u00a0\u00bb global_colors_info=\u00a0\u00bb{}\u00a0\u00bb][et_pb_column type=\u00a0\u00bb1_4&Prime; _builder_version=\u00a0\u00bb4.16&Prime; _module_preset=\u00a0\u00bbdefault\u00a0\u00bb custom_padding=\u00a0\u00bb|0px|||false|false\u00a0\u00bb global_colors_info=\u00a0\u00bb{}\u00a0\u00bb][et_pb_blurb url_new_window=\u00a0\u00bbon\u00a0\u00bb icon_placement=\u00a0\u00bbleft\u00a0\u00bb image_icon_width=\u00a0\u00bb70%\u00a0\u00bb content_max_width=\u00a0\u00bb514px\u00a0\u00bb admin_label=\u00a0\u00bbAnuncio\u00a0\u00bb _builder_version=\u00a0\u00bb4.27.4&Prime; _module_preset=\u00a0\u00bbdefault\u00a0\u00bb body_text_align=\u00a0\u00bbleft\u00a0\u00bb body_font_size=\u00a0\u00bb12px\u00a0\u00bb body_line_height=\u00a0\u00bb3.3em\u00a0\u00bb background_image=\u00a0\u00bbhttps:\/\/heco.es\/wp-content\/uploads\/2021\/10\/index.jpg\u00a0\u00bb background_size=\u00a0\u00bbcontain\u00a0\u00bb width=\u00a0\u00bb100%\u00a0\u00bb max_width=\u00a0\u00bb100%\u00a0\u00bb module_alignment=\u00a0\u00bbleft\u00a0\u00bb height=\u00a0\u00bb1000px\u00a0\u00bb max_height=\u00a0\u00bb708px\u00a0\u00bb custom_margin=\u00a0\u00bb-30px|0px||-200px|false|false\u00a0\u00bb custom_margin_tablet=\u00a0\u00bb-30px||5px|72px|false|false\u00a0\u00bb custom_margin_phone=\u00a0\u00bb||5px|75px|false|false\u00a0\u00bb custom_margin_last_edited=\u00a0\u00bbon|phone\u00a0\u00bb custom_padding=\u00a0\u00bb0px|0px|0px|25px|false|false\u00a0\u00bb custom_padding_tablet=\u00a0\u00bb|||110px|false|false\u00a0\u00bb custom_padding_phone=\u00a0\u00bb|||70px|false|false\u00a0\u00bb custom_padding_last_edited=\u00a0\u00bbon|desktop\u00a0\u00bb inline_fonts=\u00a0\u00bbLato\u00a0\u00bb global_colors_info=\u00a0\u00bb{}\u00a0\u00bb]<\/p>\n<pre style=\"text-align: left;\"><span style=\"font-family: Lato;\"><a href=\"http:\/\/www.heco.es\/cajas-de-herramientas-y-arcones\/\"><span style=\"color: #333333;\">CAISSES \u00c0 OUTILS ET COFFRES<\/span>\r\n<\/a><a href=\"http:\/\/www.heco.es\/armarios-con-cajones\/\"><span style=\"color: #333333;\">ARMOIRES AVEC TIROIRS<\/span>\r\n<\/a><a href=\"http:\/\/www.heco.es\/armarios-con-puertas\/\"><span style=\"color: #333333;\">ARMOIRES AVEC PORTES<\/span>\r\n<\/a><span style=\"color: #333333;\"><span style=\"color: #000000;\"><span style=\"color: #333333;\"><a style=\"color: #333333;\" href=\"http:\/\/www.heco.es\/armarios-para-vestuario\/\">ARMOIRES POUR VESTIAIRE\r\n<\/a><a style=\"color: #333333;\" href=\"http:\/\/www.heco.es\/armarios-y-paneles-murales\/\">ARMOIRES ET PANNEAUX MUREAUX<\/a><\/span><\/span><\/span>\r\n<a href=\"http:\/\/www.heco.es\/armarios-pc\/\"><span style=\"color: #333333;\">ARMOIRES PC<\/span>\r\n<\/a><a href=\"http:\/\/www.heco.es\/armarios-sin-puertas\/\"><span style=\"color: #333333;\">ARMOIRES SANS PORTES<\/span>\r\n<\/a><a href=\"http:\/\/www.heco.es\/carros-de-trabajo\/\"><span style=\"color: #333333;\">CHARIOT DE TRAVAIL<\/span>\r\n<\/a><span style=\"color: #000000;\"><a style=\"color: #000000;\" href=\"http:\/\/www.heco.es\/carros-de-taller\/\">SERVANTE D'ATELIER\r\n<\/a><\/span><a href=\"http:\/\/www.heco.es\/paneles-moviles\/\"><span style=\"color: #333333;\">PANNEAUX AVEC ROUES<\/span>\r\n<\/a><a href=\"http:\/\/www.heco.es\/bancos-de-trabajo\/\"><span style=\"color: #333333;\">\u00c9TABLIS DE TRAVAIL<\/span>\r\n<\/a><a href=\"https:\/\/heco.es\/wp-content\/uploads\/2018\/01\/CAJONES-PARA-BANCOS-DE-TRABAJO.pdf\"><span style=\"color: #000000;\">TIROIRS POUR \u00c9TABLIS<\/span><\/a>\r\n<a href=\"http:\/\/www.heco.es\/workoffice-2\/\"><span style=\"color: #333333;\">WORKOFFICE<\/span>\r\n<\/a><a href=\"http:\/\/www.heco.es\/armarios-para-almacenaje-especifico\/\"><span style=\"color: #333333;\">ARMOIRES POUR STOCKAGE SP\u00c9CIFICIT\u00c9<\/span>\r\n<\/a><span style=\"color: #333333;\"><a style=\"color: #333333;\" href=\"http:\/\/www.heco.es\/soluciones-modulares-y-mostradores\/\" rel=\"noreferrer\">SOLUTIONS MODULAIRES<\/a>\r\n<a style=\"color: #333333;\" href=\"https:\/\/heco.es\/fr\/accessoires\/\">ACCESSOIRES<\/a><\/span>\r\n<a href=\"http:\/\/www.heco.es\/cubetas-de-plastico\/\"><span style=\"color: #333333;\">BACS \u00c0 BEC<\/span>\r\n<\/a><\/span><\/pre>\n<p><\/p>\n<p>&nbsp;<\/p>\n<p><noscript><br \/>\nNuestro socio <a href=\"https:\/\/casinosenperu.pe\/\" target=\"_blank\" rel=\"noopener\">casino en peru<\/a> ofrece acceso a plataformas confiables de juego en l\u00ednea. Descubre juegos y bonos pensados especialmente para jugadores en Per\u00fa y otras regiones.<br \/>\n<\/noscript><noscript><br \/>\nObt\u00e9n estrategias, noticias y an\u00e1lisis expertos en <a href=\"https:\/\/casinorealmoneydeposit.com\/\" target=\"_blank\" rel=\"noopener\">casino real money deposit<\/a>. Este blog asociado te ayuda a tomar decisiones m\u00e1s inteligentes en el mundo del juego en l\u00ednea.<br \/>\n<\/noscript><noscript><br \/>\nNuestro socio <a href=\"https:\/\/topcasinoforrealmoney.com\/\" target=\"_blank\" rel=\"noopener\">top casino for real money<\/a> ofrece rese\u00f1as actualizadas de los mejores casinos en l\u00ednea con dinero real. Inf\u00f3rmate con sus recomendaciones y comparativas detalladas.<br \/>\n<\/noscript><noscript><br \/>\nDescubre las mejores tragamonedas y estrategias de juego en <a href=\"https:\/\/realmoneyslotscasino.com\/\" target=\"_blank\" rel=\"noopener\">real money slots casino<\/a>, tu blog confiable sobre el mundo del juego en l\u00ednea con dinero real.<br \/>\n<\/noscript><noscript><br \/>\nExplora rese\u00f1as de casinos, consejos de expertos y noticias actualizadas en <a href=\"https:\/\/casinoplayrealmoney.com\/\" target=\"_blank\" rel=\"noopener\">casino play real money<\/a>, ideal para jugadores que buscan informaci\u00f3n precisa y \u00fatil.<br \/>\n<\/noscript><noscript><\/p>\n<p><a href=\"https:\/\/bet-kings.com\/\" target=\"_blank\" rel=\"noopener\">mobile betking<\/a> ofrece cuotas competitivas en f\u00fatbol, tenis y m\u00e1s de 30 deportes. Descubre por qu\u00e9 los apostadores prefieren esta plataforma con apuestas en vivo y cashout.<\/p>\n<p><\/noscript><noscript><\/p>\n<p>Descubre <a href=\"https:\/\/locowins.org\/\" target=\"_blank\" rel=\"noopener\">Locowin casino<\/a>, el casino online top en Espa\u00f1a con bono de bienvenida hasta 1850 \u20ac + 500 tiradas gratis. Juega a slots populares, ruletas en vivo y jackpots progresivos. Promociones semanales, cashback sin wager alto y retiros veloces. Licencia internacional, versi\u00f3n m\u00f3vil perfecta y atenci\u00f3n en espa\u00f1ol. \u00a1\u00danete hoy y empieza a ganar con ventaja!<\/p>\n<p><\/noscript><noscript><br \/>\n<a href=\"https:\/\/powbets.net\/\" target=\"_blank\" rel=\"noopener\">Powbet Casino<\/a> es una emocionante plataforma de juegos en l\u00ednea y apuestas deportivas, operada por socios confiables con licencia de Cura\u00e7ao. Ofrece miles de tragamonedas, casino en vivo, apuestas deportivas y generosos bonos. Con pagos r\u00e1pidos, soporte 24\/7 y compatibilidad m\u00f3vil, Powbet destaca por su seguridad y experiencia de juego de calidad. \u00a1Reg\u00edstrese hoy y comience a ganar!<br \/>\n<\/noscript><noscript><\/p>\n<p>Como socios oficiales, <a href=\"https:\/\/spinsycasinos.com\/\" target=\"_blank\" rel=\"noopener\">spinsy<\/a> ofrece una experiencia de casino online segura y emocionante. Su plataforma destaca por la variedad de juegos, la estabilidad y un enfoque en el entretenimiento de calidad para todos los jugadores.<\/p>\n<p><\/noscript><noscript><\/p>\n<p>Nuestros socios en <a href=\"https:\/\/cazeus-casinos.com\/es\/\" target=\"_blank\" rel=\"noopener\">https:\/\/cazeus-casinos.com\/es\/<\/a> proporcionan un entorno de juego online confiable y seguro. Como partners oficiales, se enfocan en ofrecer entretenimiento de calidad, navegaci\u00f3n fluida y diversi\u00f3n para todos los usuarios.<\/p>\n<p><\/noscript>[\/et_pb_blurb][\/et_pb_column][et_pb_column type=\u00a0\u00bb3_4&Prime; _builder_version=\u00a0\u00bb4.17.6&Prime; _module_preset=\u00a0\u00bbdefault\u00a0\u00bb transform_scale=\u00a0\u00bb115%|115%\u00a0\u00bb custom_padding=\u00a0\u00bb0px|10px|20px|20px|false|false\u00a0\u00bb global_colors_info=\u00a0\u00bb{}\u00a0\u00bb][et_pb_slider show_arrows=\u00a0\u00bboff\u00a0\u00bb use_bg_overlay=\u00a0\u00bboff\u00a0\u00bb use_text_overlay=\u00a0\u00bboff\u00a0\u00bb dot_nav_custom_color=\u00a0\u00bb#e02b20&Prime; admin_label=\u00a0\u00bbDeslizador\u00a0\u00bb _builder_version=\u00a0\u00bb4.27.4&Prime; _module_preset=\u00a0\u00bbdefault\u00a0\u00bb background_color=\u00a0\u00bb#ffffff\u00a0\u00bb background_enable_image=\u00a0\u00bboff\u00a0\u00bb min_height=\u00a0\u00bb686.6px\u00a0\u00bb custom_margin=\u00a0\u00bb|-50px|-20px|5px|false|false\u00a0\u00bb custom_margin_tablet=\u00a0\u00bb0px|-65px|0px|25px|false|false\u00a0\u00bb custom_margin_phone=\u00a0\u00bb|-45px|0px|55px|false|false\u00a0\u00bb custom_margin_last_edited=\u00a0\u00bbon|phone\u00a0\u00bb custom_padding=\u00a0\u00bb|100px||0px|false|false\u00a0\u00bb custom_padding_tablet=\u00a0\u00bb200px|0px|0px|0px|false|false\u00a0\u00bb custom_padding_phone=\u00a0\u00bb10px|0px|0px|0px|false|false\u00a0\u00bb custom_padding_last_edited=\u00a0\u00bbon|desktop\u00a0\u00bb animation_style=\u00a0\u00bbfade\u00a0\u00bb auto=\u00a0\u00bbon\u00a0\u00bb auto_ignore_hover=\u00a0\u00bbon\u00a0\u00bb hover_enabled=\u00a0\u00bb0&Prime; border_color_all_image=\u00a0\u00bbrgba(0,0,0,0)\u00a0\u00bb global_colors_info=\u00a0\u00bb{}\u00a0\u00bb sticky_enabled=\u00a0\u00bb0&Prime; transform_scale=\u00a0\u00bb96%|96%\u00a0\u00bb][et_pb_slide heading=\u00a0\u00bbARMOIRES POUR VESTIAIRE\u00a0\u00bb _builder_version=\u00a0\u00bb4.17.6&Prime; _module_preset=\u00a0\u00bbdefault\u00a0\u00bb header_level=\u00a0\u00bbh1&Prime; header_font=\u00a0\u00bbLato||||||||\u00a0\u00bb header_text_color=\u00a0\u00bb#d11d17&Prime; header_font_size=\u00a0\u00bb25px\u00a0\u00bb background_enable_color=\u00a0\u00bboff\u00a0\u00bb background_image=\u00a0\u00bbhttps:\/\/heco.es\/wp-content\/uploads\/2023\/10\/SERIE-164-WEB-NO-LOGO.jpg\u00a0\u00bb background_enable_image=\u00a0\u00bbon\u00a0\u00bb background_size=\u00a0\u00bbcontain\u00a0\u00bb custom_padding=\u00a0\u00bb550px||0px|90px|false|false\u00a0\u00bb custom_padding_tablet=\u00a0\u00bb|||0px|false|false\u00a0\u00bb custom_padding_phone=\u00a0\u00bb||0px|1px|false|false\u00a0\u00bb custom_padding_last_edited=\u00a0\u00bbon|phone\u00a0\u00bb global_colors_info=\u00a0\u00bb{}\u00a0\u00bb sticky_transition=\u00a0\u00bbon\u00a0\u00bb][\/et_pb_slide][et_pb_slide heading=\u00a0\u00bbSERVANTES D&apos;ATELIER\u00a0\u00bb _builder_version=\u00a0\u00bb4.16&Prime; _module_preset=\u00a0\u00bbdefault\u00a0\u00bb header_level=\u00a0\u00bbh1&Prime; header_font=\u00a0\u00bbLato||||||||\u00a0\u00bb header_text_color=\u00a0\u00bb#d11d17&Prime; header_font_size=\u00a0\u00bb25px\u00a0\u00bb background_enable_color=\u00a0\u00bboff\u00a0\u00bb background_image=\u00a0\u00bbhttps:\/\/heco.es\/wp-content\/uploads\/2021\/10\/CARROS-DE-TALLER-151.png\u00a0\u00bb background_enable_image=\u00a0\u00bbon\u00a0\u00bb background_size=\u00a0\u00bbcontain\u00a0\u00bb custom_padding=\u00a0\u00bb550px||0px|90px|false|false\u00a0\u00bb custom_padding_tablet=\u00a0\u00bb|||0px|false|false\u00a0\u00bb custom_padding_phone=\u00a0\u00bb||0px|1px|false|false\u00a0\u00bb custom_padding_last_edited=\u00a0\u00bbon|phone\u00a0\u00bb global_colors_info=\u00a0\u00bb{}\u00a0\u00bb sticky_transition=\u00a0\u00bbon\u00a0\u00bb][\/et_pb_slide][et_pb_slide heading=\u00a0\u00bb\u00c9TABLIS ERGONOMIQUES\u00a0\u00bb _builder_version=\u00a0\u00bb4.27.4&Prime; _module_preset=\u00a0\u00bbdefault\u00a0\u00bb header_level=\u00a0\u00bbh1&Prime; header_font=\u00a0\u00bbLato||||||||\u00a0\u00bb header_text_align=\u00a0\u00bbcenter\u00a0\u00bb header_text_color=\u00a0\u00bb#d11d17&Prime; header_font_size=\u00a0\u00bb25px\u00a0\u00bb background_enable_color=\u00a0\u00bboff\u00a0\u00bb background_image=\u00a0\u00bbhttps:\/\/heco.es\/wp-content\/uploads\/2021\/10\/NEW_BANCS-ERGONOMICS_ok_2022.jpg\u00a0\u00bb background_enable_image=\u00a0\u00bbon\u00a0\u00bb background_size=\u00a0\u00bbcontain\u00a0\u00bb custom_padding=\u00a0\u00bb550px||0px|90px|false|false\u00a0\u00bb custom_padding_tablet=\u00a0\u00bb|||21px|false|false\u00a0\u00bb custom_padding_phone=\u00a0\u00bb|||21px|false|false\u00a0\u00bb custom_padding_last_edited=\u00a0\u00bbon|phone\u00a0\u00bb global_colors_info=\u00a0\u00bb{}\u00a0\u00bb sticky_transition=\u00a0\u00bbon\u00a0\u00bb][\/et_pb_slide][et_pb_slide heading=\u00a0\u00bbCHARIOTS POUR TRAVAUX EXT\u00c9RIEURS\u00a0\u00bb _builder_version=\u00a0\u00bb4.27.4&Prime; _module_preset=\u00a0\u00bbdefault\u00a0\u00bb header_level=\u00a0\u00bbh1&Prime; header_font=\u00a0\u00bbLato||||||||\u00a0\u00bb header_text_align=\u00a0\u00bbcenter\u00a0\u00bb header_text_color=\u00a0\u00bb#d11d17&Prime; header_font_size=\u00a0\u00bb25px\u00a0\u00bb background_enable_color=\u00a0\u00bboff\u00a0\u00bb background_image=\u00a0\u00bbhttps:\/\/heco.es\/wp-content\/uploads\/2021\/10\/NEW_CARRO-DE-TRABAJO-128_2021-scaled.jpg\u00a0\u00bb background_enable_image=\u00a0\u00bbon\u00a0\u00bb background_size=\u00a0\u00bbcontain\u00a0\u00bb custom_padding=\u00a0\u00bb550px||0px|90px|false|false\u00a0\u00bb custom_padding_tablet=\u00a0\u00bb|||0px|false|false\u00a0\u00bb custom_padding_phone=\u00a0\u00bb||25px||false|false\u00a0\u00bb custom_padding_last_edited=\u00a0\u00bbon|phone\u00a0\u00bb global_colors_info=\u00a0\u00bb{}\u00a0\u00bb sticky_transition=\u00a0\u00bbon\u00a0\u00bb][\/et_pb_slide][et_pb_slide heading=\u00a0\u00bbCAISSES MOBILE\u00a0\u00bb _builder_version=\u00a0\u00bb4.27.4&Prime; _module_preset=\u00a0\u00bbdefault\u00a0\u00bb header_level=\u00a0\u00bbh1&Prime; header_font=\u00a0\u00bbLato||||||||\u00a0\u00bb header_text_align=\u00a0\u00bbcenter\u00a0\u00bb header_text_color=\u00a0\u00bb#d11d17&Prime; header_font_size=\u00a0\u00bb25px\u00a0\u00bb background_enable_color=\u00a0\u00bboff\u00a0\u00bb background_image=\u00a0\u00bbhttps:\/\/heco.es\/wp-content\/uploads\/2021\/10\/CARRO-TALLER-SEIENT-1.png\u00a0\u00bb background_enable_image=\u00a0\u00bbon\u00a0\u00bb background_size=\u00a0\u00bbcontain\u00a0\u00bb custom_padding=\u00a0\u00bb550px||0px|90px|false|false\u00a0\u00bb custom_padding_tablet=\u00a0\u00bb|||0px|false|false\u00a0\u00bb custom_padding_phone=\u00a0\u00bb|||0px|false|false\u00a0\u00bb custom_padding_last_edited=\u00a0\u00bbon|phone\u00a0\u00bb global_colors_info=\u00a0\u00bb{}\u00a0\u00bb sticky_transition=\u00a0\u00bbon\u00a0\u00bb]<noscript><\/p>\n<p>Descubre la emoci\u00f3n del entretenimiento digital con <a href=\"https:\/\/casino-pin-up.cl\/\" target=\"_blank\" rel=\"noopener\">pin up<\/a>, una plataforma din\u00e1mica que ofrece tragamonedas modernas, juegos en vivo y promociones atractivas para jugadores que buscan diversi\u00f3n segura y oportunidades reales de ganar en l\u00ednea.<\/p>\n<p><\/noscript><\/p>\n<p><noscript><\/p>\n<p>Sum\u00e9rgete en una experiencia innovadora con <a href=\"https:\/\/human-music.eu\/\" target=\"_blank\" rel=\"noopener\">win unique casino<\/a>, donde encontrar\u00e1s una amplia variedad de juegos, bonos especiales y un entorno interactivo pensado para quienes desean disfrutar del juego online con estilo y emoci\u00f3n constante.<\/p>\n<p><\/noscript>[\/et_pb_slide][et_pb_slide heading=\u00a0\u00bbCAISSES ET ARMOIRES, ARMOIRES \u00c0 TIROIRS ET \u00c0 PORTES\u00a0\u00bb _builder_version=\u00a0\u00bb4.27.4&Prime; _module_preset=\u00a0\u00bbdefault\u00a0\u00bb header_level=\u00a0\u00bbh1&Prime; header_font=\u00a0\u00bbLato||||||||\u00a0\u00bb header_text_align=\u00a0\u00bbcenter\u00a0\u00bb header_text_color=\u00a0\u00bb#d11d17&Prime; header_font_size=\u00a0\u00bb25px\u00a0\u00bb background_enable_color=\u00a0\u00bboff\u00a0\u00bb background_image=\u00a0\u00bbhttps:\/\/heco.es\/wp-content\/uploads\/2017\/09\/ARMARIS.png\u00a0\u00bb background_enable_image=\u00a0\u00bbon\u00a0\u00bb background_size=\u00a0\u00bbcontain\u00a0\u00bb custom_padding=\u00a0\u00bb550px||0px|90px|false|false\u00a0\u00bb custom_padding_tablet=\u00a0\u00bb|||0px|false|false\u00a0\u00bb custom_padding_phone=\u00a0\u00bb|||0px|false|false\u00a0\u00bb custom_padding_last_edited=\u00a0\u00bbon|phone\u00a0\u00bb global_colors_info=\u00a0\u00bb{}\u00a0\u00bb sticky_transition=\u00a0\u00bbon\u00a0\u00bb]<noscript><\/p>\n<p>Vive momentos llenos de adrenalina en <a href=\"https:\/\/spinsycasinos.com\/es\/\" target=\"_blank\" rel=\"noopener\">spinsy casino<\/a>, una plataforma con tragamonedas variadas, mesas en vivo y promociones exclusivas que hacen cada partida m\u00e1s entretenida y emocionante para todos los jugadores.<\/p>\n<p><\/noscript>[\/et_pb_slide][et_pb_slide heading=\u00a0\u00bbESPACIOS DE TRABAJO Y ARMARIOS PC\u00a0\u00bb _builder_version=\u00a0\u00bb4.27.4&Prime; _module_preset=\u00a0\u00bbdefault\u00a0\u00bb header_level=\u00a0\u00bbh1&Prime; header_font=\u00a0\u00bbLato||||||||\u00a0\u00bb header_text_align=\u00a0\u00bbcenter\u00a0\u00bb header_text_color=\u00a0\u00bb#d11d17&Prime; header_font_size=\u00a0\u00bb25px\u00a0\u00bb background_enable_color=\u00a0\u00bboff\u00a0\u00bb background_image=\u00a0\u00bbhttps:\/\/heco.es\/wp-content\/uploads\/2017\/09\/ARMARIS-PC.png\u00a0\u00bb background_enable_image=\u00a0\u00bbon\u00a0\u00bb background_size=\u00a0\u00bbcontain\u00a0\u00bb custom_padding=\u00a0\u00bb550px||0px|90px|false|false\u00a0\u00bb custom_padding_tablet=\u00a0\u00bb|||0px|false|false\u00a0\u00bb custom_padding_phone=\u00a0\u00bb||25px||false|false\u00a0\u00bb custom_padding_last_edited=\u00a0\u00bbon|phone\u00a0\u00bb global_colors_info=\u00a0\u00bb{}\u00a0\u00bb sticky_transition=\u00a0\u00bbon\u00a0\u00bb][\/et_pb_slide][et_pb_slide heading=\u00a0\u00bbSOLUTIONS MODULAIRES ET MOBILES\u00a0\u00bb _builder_version=\u00a0\u00bb4.16&Prime; _module_preset=\u00a0\u00bbdefault\u00a0\u00bb header_level=\u00a0\u00bbh1&Prime; header_font=\u00a0\u00bbLato||||||||\u00a0\u00bb header_text_align=\u00a0\u00bbcenter\u00a0\u00bb header_text_color=\u00a0\u00bb#d11d17&Prime; header_font_size=\u00a0\u00bb25px\u00a0\u00bb background_enable_color=\u00a0\u00bboff\u00a0\u00bb background_image=\u00a0\u00bbhttps:\/\/heco.es\/wp-content\/uploads\/2017\/09\/CARROS.png\u00a0\u00bb background_enable_image=\u00a0\u00bbon\u00a0\u00bb background_size=\u00a0\u00bbcontain\u00a0\u00bb custom_padding=\u00a0\u00bb550px||0px|90px|false|false\u00a0\u00bb custom_padding_tablet=\u00a0\u00bb|||0px|false|false\u00a0\u00bb custom_padding_phone=\u00a0\u00bb||25px||false|false\u00a0\u00bb custom_padding_last_edited=\u00a0\u00bbon|phone\u00a0\u00bb global_colors_info=\u00a0\u00bb{}\u00a0\u00bb sticky_transition=\u00a0\u00bbon\u00a0\u00bb][\/et_pb_slide][et_pb_slide heading=\u00a0\u00bb\u00c9TABLIS\u00a0\u00bb _builder_version=\u00a0\u00bb4.16&Prime; _module_preset=\u00a0\u00bbdefault\u00a0\u00bb header_level=\u00a0\u00bbh1&Prime; header_font=\u00a0\u00bbLato||||||||\u00a0\u00bb header_text_align=\u00a0\u00bbcenter\u00a0\u00bb header_text_color=\u00a0\u00bb#d11d17&Prime; header_font_size=\u00a0\u00bb25px\u00a0\u00bb background_enable_color=\u00a0\u00bboff\u00a0\u00bb background_image=\u00a0\u00bbhttps:\/\/heco.es\/wp-content\/uploads\/2017\/10\/BANCS-DE-TREBALL-CALAIXOS_HZTAL.png\u00a0\u00bb background_enable_image=\u00a0\u00bbon\u00a0\u00bb background_size=\u00a0\u00bbcontain\u00a0\u00bb custom_padding=\u00a0\u00bb550px||0px|90px|false|false\u00a0\u00bb custom_padding_tablet=\u00a0\u00bb|||0px|false|false\u00a0\u00bb custom_padding_phone=\u00a0\u00bb|||0px|false|false\u00a0\u00bb custom_padding_last_edited=\u00a0\u00bbon|phone\u00a0\u00bb global_colors_info=\u00a0\u00bb{}\u00a0\u00bb sticky_transition=\u00a0\u00bbon\u00a0\u00bb][\/et_pb_slide][et_pb_slide heading=\u00a0\u00bbCOMPTOIRS\u00a0\u00bb _builder_version=\u00a0\u00bb4.16&Prime; _module_preset=\u00a0\u00bbdefault\u00a0\u00bb header_level=\u00a0\u00bbh1&Prime; header_font=\u00a0\u00bbLato||||||||\u00a0\u00bb header_text_align=\u00a0\u00bbcenter\u00a0\u00bb header_text_color=\u00a0\u00bb#d11d17&Prime; header_font_size=\u00a0\u00bb25px\u00a0\u00bb background_enable_color=\u00a0\u00bboff\u00a0\u00bb background_image=\u00a0\u00bbhttps:\/\/heco.es\/wp-content\/uploads\/2017\/10\/MOSTRADORS.png\u00a0\u00bb background_enable_image=\u00a0\u00bbon\u00a0\u00bb background_size=\u00a0\u00bbcontain\u00a0\u00bb custom_padding=\u00a0\u00bb550px||0px|90px|false|false\u00a0\u00bb custom_padding_tablet=\u00a0\u00bb|||0px|false|false\u00a0\u00bb custom_padding_phone=\u00a0\u00bb|||0px|false|false\u00a0\u00bb custom_padding_last_edited=\u00a0\u00bbon|phone\u00a0\u00bb global_colors_info=\u00a0\u00bb{}\u00a0\u00bb sticky_transition=\u00a0\u00bbon\u00a0\u00bb][\/et_pb_slide][\/et_pb_slider][\/et_pb_column][\/et_pb_row][\/et_pb_section]<\/p>\n","protected":false},"excerpt":{"rendered":"<p>CAISSES \u00c0 OUTILS ET COFFRES ARMOIRES AVEC TIROIRS ARMOIRES AVEC PORTES ARMOIRES POUR VESTIAIRE ARMOIRES ET PANNEAUX MUREAUX ARMOIRES PC ARMOIRES SANS PORTES CHARIOT DE TRAVAIL SERVANTE D&rsquo;ATELIER PANNEAUX AVEC ROUES \u00c9TABLIS DE TRAVAIL TIROIRS POUR \u00c9TABLIS WORKOFFICE ARMOIRES POUR STOCKAGE SP\u00c9CIFICIT\u00c9 SOLUTIONS MODULAIRES ACCESSOIRES BACS \u00c0 BEC &nbsp; Nuestro socio casino en peru ofrece [&hellip;]<\/p>\n","protected":false},"author":1,"featured_media":0,"parent":0,"menu_order":0,"comment_status":"open","ping_status":"closed","template":"","meta":{"_et_pb_use_builder":"on","_et_pb_old_content":"","_et_gb_content_width":"","footnotes":""},"class_list":["post-13859","page","type-page","status-publish","hentry"],"_links":{"self":[{"href":"https:\/\/heco.es\/fr\/wp-json\/wp\/v2\/pages\/13859","targetHints":{"allow":["GET"]}}],"collection":[{"href":"https:\/\/heco.es\/fr\/wp-json\/wp\/v2\/pages"}],"about":[{"href":"https:\/\/heco.es\/fr\/wp-json\/wp\/v2\/types\/page"}],"author":[{"embeddable":true,"href":"https:\/\/heco.es\/fr\/wp-json\/wp\/v2\/users\/1"}],"replies":[{"embeddable":true,"href":"https:\/\/heco.es\/fr\/wp-json\/wp\/v2\/comments?post=13859"}],"version-history":[{"count":260,"href":"https:\/\/heco.es\/fr\/wp-json\/wp\/v2\/pages\/13859\/revisions"}],"predecessor-version":[{"id":29374,"href":"https:\/\/heco.es\/fr\/wp-json\/wp\/v2\/pages\/13859\/revisions\/29374"}],"wp:attachment":[{"href":"https:\/\/heco.es\/fr\/wp-json\/wp\/v2\/media?parent=13859"}],"curies":[{"name":"wp","href":"https:\/\/api.w.org\/{rel}","templated":true}]}}