{"id":13922,"date":"2021-11-30T13:27:07","date_gmt":"2021-11-30T12:27:07","guid":{"rendered":"https:\/\/heco.es\/politique-de-cookies\/"},"modified":"2022-07-22T16:19:30","modified_gmt":"2022-07-22T14:19:30","slug":"politique-de-cookies","status":"publish","type":"page","link":"https:\/\/heco.es\/fr\/politique-de-cookies\/","title":{"rendered":"Politique de cookies"},"content":{"rendered":"<p>[et_pb_section fb_built=\u00a0\u00bb1&Prime; _builder_version=\u00a0\u00bb3.22&Prime;][et_pb_row _builder_version=\u00a0\u00bb3.25&Prime; background_size=\u00a0\u00bbinitial\u00a0\u00bb background_position=\u00a0\u00bbtop_left\u00a0\u00bb background_repeat=\u00a0\u00bbrepeat\u00a0\u00bb][et_pb_column type=\u00a0\u00bb4_4&Prime; _builder_version=\u00a0\u00bb3.25&Prime; custom_padding=\u00a0\u00bb|||\u00a0\u00bb custom_padding__hover=\u00a0\u00bb|||\u00a0\u00bb][et_pb_text _builder_version=\u00a0\u00bb3.27.4&Prime;]<span style=\"color: #ff0000;\">UTILISATION DES COOKIES HECO<\/span><\/p>\n<p><strong>D\u00e9finition et fonction des cookies<\/strong><\/p>\n<p>Un cookie est un fichier t\u00e9l\u00e9charg\u00e9 sur votre ordinateur lorsque vous acc\u00e9dez \u00e0 certaines pages Web. Les cookies permettent, entre autres, d&rsquo;enregistrer anonymement l&rsquo;activit\u00e9 de l&rsquo;utilisateur sur le site web, permettant ainsi de m\u00e9moriser certains param\u00e8tres et informations sur l&rsquo;utilisateur afin d&rsquo;avoir une plus grande personnalisation du site web, de configurer les pr\u00e9f\u00e9rences ou d&rsquo;analyser les donn\u00e9es.<\/p>\n<p><strong>Quel type de cookies ce site utilise-t-il?<\/strong><\/p>\n<p>Les cookies appartenant \u00e0 des prestataires de services tiers sont les suivants:<br \/>\n(Les cookies tiers sont ceux envoy\u00e9s \u00e0 l&rsquo;ordinateur terminal de l&rsquo;utilisateur \u00e0 partir d&rsquo;un ordinateur ou d&rsquo;un domaine qui n&rsquo;est pas g\u00e9r\u00e9 par l&rsquo;\u00e9diteur, mais par une autre entit\u00e9 qui traite les donn\u00e9es obtenues par le biais de cookies)<\/p>\n<p><strong>Google Maps<\/strong><\/p>\n<p>Deux cookies persistants (PREF et NID) d\u00e9finis par les applications Google Maps et g\u00e9r\u00e9s par Google.<br \/>\nPour plus de d\u00e9tails, veuillez consulter la politique de confidentialit\u00e9 de Google [http:\/\/www.google.com\/intl\/es\/policies\/privacy\/]<\/p>\n<p><strong>Google Analytics<\/strong><\/p>\n<p>Les cookies Google Analytics sont utilis\u00e9s pour les statistiques d&rsquo;utilisation du site Web. L&rsquo;objectif est de conna\u00eetre le niveau de r\u00e9currence des visiteurs et les contenus qu&rsquo;ils trouvent les plus int\u00e9ressants. De cette fa\u00e7on, les efforts peuvent \u00eatre concentr\u00e9s sur l&rsquo;am\u00e9lioration des zones les plus visit\u00e9es et faciliter pour l&rsquo;utilisateur de trouver plus facilement ce qu&rsquo;il cherche.<br \/>\nLe site Web peut utiliser les informations de votre visite pour effectuer des \u00e9valuations et des calculs statistiques sur des donn\u00e9es anonymes, ainsi que pour assurer la continuit\u00e9 du service ou pour apporter des am\u00e9liorations \u00e0 leurs sites Web.<br \/>\nPour plus de d\u00e9tails, veuillez consulter la politique de confidentialit\u00e9 de Google [http:\/\/www.google.com\/intl\/es\/policies\/privacy\/]<\/p>\n<p><strong>R\u00e9vocation et suppression des cookies<\/strong><\/p>\n<p>Vous pouvez autoriser, bloquer ou supprimer les cookies install\u00e9s sur votre ordinateur en configurant les options du navigateur install\u00e9 sur votre ordinateur, si vous n&rsquo;autorisez pas l&rsquo;installation de cookies dans votre navigateur peut ne pas \u00eatre en mesure d&rsquo;acc\u00e9der \u00e0 l&rsquo;une des sections de notre site Web.<br \/>\nLes liens suivants expliquent la gestion des cookies selon les diff\u00e9rents navigateurs web:<\/p>\n<p>Chrome, desde <a href=\"http:\/\/support.google.com\/chrome\/bin\/answer.py?hl=es&amp;answer=95647\" target=\"_blank\" rel=\"noopener\">http:\/\/support.google.com\/chrome\/bin\/answer.py?hl=es&amp;answer=95647<\/a><\/p>\n<p>Explorer, de <a href=\"http:\/\/windows.microsoft.com\/es-es\/windows7\/how-to-manage-cookies-in-internet-explorer-9\" target=\"_blank\" rel=\"noopener\">http:\/\/windows.microsoft.com\/es-es\/windows7\/how-to-manage-cookies-in-internet-explorer-9<\/a><\/p>\n<p>Firefox, de <a href=\"http:\/\/support.mozilla.org\/es\/kb\/habilitar-y-deshabilitar-cookies-que-los-sitios-we\" target=\"_blank\" rel=\"noopener\">http:\/\/support.mozilla.org\/es\/kb\/habilitar-y-deshabilitar-cookies-que-los-sitios-we<\/a><\/p>\n<p>Safari, de <a href=\"http:\/\/support.apple.com\/kb\/ph5042\" target=\"_blank\" rel=\"noopener\">http:\/\/support.apple.com\/kb\/ph5042<\/a><\/p>\n<p><strong>En savoir plus sur les cookies et leur politique<\/strong><\/p>\n<p>Vous pouvez en savoir plus sur les cookies dans les liens suivants:<\/p>\n<p><a href=\"http:\/\/en.wikipedia.org\/wiki\/HTTP_cookie\" target=\"_blank\" rel=\"noopener\">http:\/\/en.wikipedia.org\/wiki\/HTTP_cookie<\/a><\/p>\n<p><a href=\"http:\/\/www.agpd.es\/portalwebAGPD\/canaldocumentacion\/publicaciones\/common\/Guias\/Guia_Cookies.pdf\" target=\"_blank\" rel=\"noopener\">http:\/\/www.agpd.es\/portalwebAGPD\/canaldocumentacion\/publicaciones\/common\/Guias\/Guia_Cookies.pdf<\/a><br \/>\n[\/et_pb_text][\/et_pb_column][\/et_pb_row][\/et_pb_section]<\/p>\n","protected":false},"excerpt":{"rendered":"<p>UTILISATION DES COOKIES HECO D\u00e9finition et fonction des cookies Un cookie est un fichier t\u00e9l\u00e9charg\u00e9 sur votre ordinateur lorsque vous acc\u00e9dez \u00e0 certaines pages Web. Les cookies permettent, entre autres, d&rsquo;enregistrer anonymement l&rsquo;activit\u00e9 de l&rsquo;utilisateur sur le site web, permettant ainsi de m\u00e9moriser certains param\u00e8tres et informations sur l&rsquo;utilisateur afin d&rsquo;avoir une plus grande personnalisation [&hellip;]<\/p>\n","protected":false},"author":1,"featured_media":0,"parent":0,"menu_order":0,"comment_status":"closed","ping_status":"closed","template":"","meta":{"_et_pb_use_builder":"on","_et_pb_old_content":"","_et_gb_content_width":"","footnotes":""},"class_list":["post-13922","page","type-page","status-publish","hentry"],"_links":{"self":[{"href":"https:\/\/heco.es\/fr\/wp-json\/wp\/v2\/pages\/13922","targetHints":{"allow":["GET"]}}],"collection":[{"href":"https:\/\/heco.es\/fr\/wp-json\/wp\/v2\/pages"}],"about":[{"href":"https:\/\/heco.es\/fr\/wp-json\/wp\/v2\/types\/page"}],"author":[{"embeddable":true,"href":"https:\/\/heco.es\/fr\/wp-json\/wp\/v2\/users\/1"}],"replies":[{"embeddable":true,"href":"https:\/\/heco.es\/fr\/wp-json\/wp\/v2\/comments?post=13922"}],"version-history":[{"count":4,"href":"https:\/\/heco.es\/fr\/wp-json\/wp\/v2\/pages\/13922\/revisions"}],"predecessor-version":[{"id":21038,"href":"https:\/\/heco.es\/fr\/wp-json\/wp\/v2\/pages\/13922\/revisions\/21038"}],"wp:attachment":[{"href":"https:\/\/heco.es\/fr\/wp-json\/wp\/v2\/media?parent=13922"}],"curies":[{"name":"wp","href":"https:\/\/api.w.org\/{rel}","templated":true}]}}