{"id":13934,"date":"2021-11-30T15:24:12","date_gmt":"2021-11-30T14:24:12","guid":{"rendered":"https:\/\/heco.es\/politique-de-confidentialite\/"},"modified":"2026-03-19T14:19:30","modified_gmt":"2026-03-19T13:19:30","slug":"politique-de-confidentialite","status":"publish","type":"page","link":"https:\/\/heco.es\/fr\/politique-de-confidentialite\/","title":{"rendered":"Politique de confidentialit\u00e9"},"content":{"rendered":"<p>[et_pb_section fb_built=\u00a0\u00bb1&Prime; custom_padding_last_edited=\u00a0\u00bbon|desktop\u00a0\u00bb _builder_version=\u00a0\u00bb4.16&Prime; custom_padding_tablet=\u00a0\u00bb50px|0|50px|0&Prime; custom_padding_phone=\u00a0\u00bb\u00a0\u00bb da_disable_devices=\u00a0\u00bboff|off|off\u00a0\u00bb transparent_background=\u00a0\u00bboff\u00a0\u00bb padding_mobile=\u00a0\u00bboff\u00a0\u00bb make_fullwidth=\u00a0\u00bboff\u00a0\u00bb use_custom_width=\u00a0\u00bboff\u00a0\u00bb width_unit=\u00a0\u00bbon\u00a0\u00bb global_colors_info=\u00a0\u00bb{}\u00a0\u00bb da_is_popup=\u00a0\u00bboff\u00a0\u00bb da_exit_intent=\u00a0\u00bboff\u00a0\u00bb da_has_close=\u00a0\u00bbon\u00a0\u00bb da_alt_close=\u00a0\u00bboff\u00a0\u00bb da_dark_close=\u00a0\u00bboff\u00a0\u00bb da_not_modal=\u00a0\u00bbon\u00a0\u00bb da_is_singular=\u00a0\u00bboff\u00a0\u00bb da_with_loader=\u00a0\u00bboff\u00a0\u00bb da_has_shadow=\u00a0\u00bbon\u00a0\u00bb][et_pb_row padding_mobile=\u00a0\u00bboff\u00a0\u00bb column_padding_mobile=\u00a0\u00bboff\u00a0\u00bb module_class=\u00a0\u00bb et_pb_row_fullwidth\u00a0\u00bb _builder_version=\u00a0\u00bb4.16&Prime; background_size=\u00a0\u00bbinitial\u00a0\u00bb background_position=\u00a0\u00bbtop_left\u00a0\u00bb background_repeat=\u00a0\u00bbrepeat\u00a0\u00bb width=\u00a0\u00bb100%\u00a0\u00bb width_tablet=\u00a0\u00bb100%\u00a0\u00bb width_phone=\u00a0\u00bb\u00a0\u00bb width_last_edited=\u00a0\u00bbon|desktop\u00a0\u00bb max_width=\u00a0\u00bb100%\u00a0\u00bb max_width_tablet=\u00a0\u00bb100%\u00a0\u00bb max_width_phone=\u00a0\u00bb\u00a0\u00bb max_width_last_edited=\u00a0\u00bbon|desktop\u00a0\u00bb make_fullwidth=\u00a0\u00bbon\u00a0\u00bb use_custom_width=\u00a0\u00bboff\u00a0\u00bb width_unit=\u00a0\u00bbon\u00a0\u00bb global_colors_info=\u00a0\u00bb{}\u00a0\u00bb][et_pb_column type=\u00a0\u00bb4_4&Prime; _builder_version=\u00a0\u00bb4.16&Prime; custom_padding=\u00a0\u00bb|||\u00a0\u00bb global_colors_info=\u00a0\u00bb{}\u00a0\u00bb custom_padding__hover=\u00a0\u00bb|||\u00a0\u00bb][et_pb_blurb admin_label=\u00a0\u00bbPRIVACIDAD\u00a0\u00bb _builder_version=\u00a0\u00bb4.16&Prime; background_size=\u00a0\u00bbinitial\u00a0\u00bb background_position=\u00a0\u00bbtop_left\u00a0\u00bb background_repeat=\u00a0\u00bbrepeat\u00a0\u00bb text_orientation=\u00a0\u00bbjustified\u00a0\u00bb max_width_tablet=\u00a0\u00bb50px\u00a0\u00bb use_border_color=\u00a0\u00bboff\u00a0\u00bb global_colors_info=\u00a0\u00bb{}\u00a0\u00bb]<span style=\"color: #ff0000;\">POLITIQUE DE CONFIDENTIALIT\u00c9 HECO<\/span><\/p>\n<p>INDUSTRIES CONESA S. L. ES demande certaines donn\u00e9es personnelles \u00e0 l&rsquo;utilisateur. Les donn\u00e9es fournies par l&rsquo;utilisateur seront incorpor\u00e9es dans un fichier automatis\u00e9 de donn\u00e9es personnelles, propri\u00e9t\u00e9 d&rsquo;INDUSTRIES CONESA S. L. Ceci sera trait\u00e9 afin de fournir les services demand\u00e9s par l&rsquo;utilisateur. L&rsquo;utilisateur autorise le traitement automatis\u00e9 des donn\u00e9es personnelles fournies, n\u00e9cessaires \u00e0 la prestation des services convenus. Les informations personnelles recueillies aupr\u00e8s des clients enregistr\u00e9s sont stock\u00e9es dans une base de donn\u00e9es appartenant \u00e0 INDUSTRIES CONESA SL, qui assume les mesures techniques, organisationnelles et de s\u00e9curit\u00e9 qui garantissent la confidentialit\u00e9 et l&rsquo;int\u00e9grit\u00e9 des informations conform\u00e9ment aux dispositions de la Conform\u00e9ment aux dispositions du R\u00e8glement G\u00e9n\u00e9ral sur la Protection des Donn\u00e9es Europ\u00e9ennes 2016\/679, du 27 avril 2016. INDUSTRIES CONESA S. L. par le biais de son site web, utilisera les donn\u00e9es fournies par l&rsquo;utilisateur en interne pour faire conna\u00eetre \u00e0 l&rsquo;utilisateur les offres et promotions qui lui sont consid\u00e9r\u00e9es comme l&rsquo;int\u00e9ressant. L&rsquo;utilisateur accepte que ses donn\u00e9es personnelles soient transf\u00e9r\u00e9es \u00e0 d&rsquo;autres soci\u00e9t\u00e9s du groupe auquel INDUSTRIES CONESA SL appartient, ainsi qu&rsquo;\u00e0 d&rsquo;autres soci\u00e9t\u00e9s avec lesquelles il conclut des accords de collaboration dans le seul but d&rsquo;offrir un meilleur service, en respectant en tout cas la l\u00e9gislation espagnole sur la protection des donn\u00e9es personnelles. INDUSTRIES CONESA S. L. utilisera des cookies lorsque vous naviguez sur HECO. ES. Les cookies ne sont associ\u00e9s qu&rsquo;\u00e0 un utilisateur anonyme et \u00e0 son ordinateur, et ne fournissent aucune r\u00e9f\u00e9rence permettant de d\u00e9duire le nom et pr\u00e9nom de l&rsquo;utilisateur. Gr\u00e2ce aux cookies, il est possible de reconna\u00eetre les utilisateurs enregistr\u00e9s apr\u00e8s leur premi\u00e8re inscription, sans qu&rsquo;ils aient \u00e0 s&rsquo;enregistrer \u00e0 chaque visite pour acc\u00e9der aux espaces et services qui leur sont exclusivement r\u00e9serv\u00e9s. L&rsquo;utilisateur a la possibilit\u00e9 d&#8217;emp\u00eacher la g\u00e9n\u00e9ration de cookies en s\u00e9lectionnant l&rsquo;option correspondante dans le programme de votre navigateur. Tout utilisateur enregistr\u00e9 peut \u00e0 tout moment exercer les droits d&rsquo;acc\u00e8s, de rectification et, le cas \u00e9ch\u00e9ant, d&rsquo;annulation des donn\u00e9es personnelles le concernant qui lui sont communiqu\u00e9es sur le site HECO. ES, par communication \u00e9crite adress\u00e9e \u00e0 INDUSTRIES CONESA S. L., Ctra. national II, km 4,3, Figueres (Girona) ou en envoyant un e-mail \u00e0 info@heco.es<br \/>\n[\/et_pb_blurb][\/et_pb_column][\/et_pb_row][\/et_pb_section]<\/p>\n","protected":false},"excerpt":{"rendered":"<p>POLITIQUE DE CONFIDENTIALIT\u00c9 HECOINDUSTRIES CONESA S. L. ES demande certaines donn\u00e9es personnelles \u00e0 l&rsquo;utilisateur. Les donn\u00e9es fournies par l&rsquo;utilisateur seront incorpor\u00e9es dans un fichier automatis\u00e9 de donn\u00e9es personnelles, propri\u00e9t\u00e9 d&rsquo;INDUSTRIES CONESA S. L. Ceci sera trait\u00e9 afin de fournir les services demand\u00e9s par l&rsquo;utilisateur. L&rsquo;utilisateur autorise le traitement automatis\u00e9 des donn\u00e9es personnelles fournies, n\u00e9cessaires \u00e0 [&hellip;]<\/p>\n","protected":false},"author":1,"featured_media":0,"parent":0,"menu_order":0,"comment_status":"open","ping_status":"closed","template":"page-template-blank.php","meta":{"_et_pb_use_builder":"on","_et_pb_old_content":"","_et_gb_content_width":"","footnotes":""},"class_list":["post-13934","page","type-page","status-publish","hentry"],"_links":{"self":[{"href":"https:\/\/heco.es\/fr\/wp-json\/wp\/v2\/pages\/13934","targetHints":{"allow":["GET"]}}],"collection":[{"href":"https:\/\/heco.es\/fr\/wp-json\/wp\/v2\/pages"}],"about":[{"href":"https:\/\/heco.es\/fr\/wp-json\/wp\/v2\/types\/page"}],"author":[{"embeddable":true,"href":"https:\/\/heco.es\/fr\/wp-json\/wp\/v2\/users\/1"}],"replies":[{"embeddable":true,"href":"https:\/\/heco.es\/fr\/wp-json\/wp\/v2\/comments?post=13934"}],"version-history":[{"count":10,"href":"https:\/\/heco.es\/fr\/wp-json\/wp\/v2\/pages\/13934\/revisions"}],"predecessor-version":[{"id":29406,"href":"https:\/\/heco.es\/fr\/wp-json\/wp\/v2\/pages\/13934\/revisions\/29406"}],"wp:attachment":[{"href":"https:\/\/heco.es\/fr\/wp-json\/wp\/v2\/media?parent=13934"}],"curies":[{"name":"wp","href":"https:\/\/api.w.org\/{rel}","templated":true}]}}